{"id":215,"date":"2016-01-30T16:15:24","date_gmt":"2016-01-30T15:15:24","guid":{"rendered":"http:\/\/domaine-belemnites.com\/?page_id=215"},"modified":"2025-09-25T18:03:33","modified_gmt":"2025-09-25T17:03:33","slug":"poulsard","status":"publish","type":"page","link":"https:\/\/domaine-belemnites.com\/?page_id=215","title":{"rendered":"Le Pinot noir"},"content":{"rendered":"<h2>Pinot noir, le rouge par excellence\u00a0.<\/h2>\n<div class=\"csColumnGap\" style=\"margin: 0px; padding: 0px; float: left; width: 0.625%;\"><img decoding=\"async\" style=\"border: none;\" src=\"http:\/\/domaine-belemnites.com\/wp-content\/plugins\/advanced-wp-columns\/assets\/js\/plugins\/views\/img\/1x1-pixel.png\" alt=\"\" \/><\/div>\n<div class=\"csColumn\" style=\"margin: 0px; padding: 0px; float: left; width: 32.8%;\" data-csstartpoint=\"319\" data-csendpoint=\"634\" data-cswidth=\"32.8%\" data-csid=\"82d7977e-5f9e-b258-b731-5051739d9169\">\n<p><img decoding=\"async\" loading=\"lazy\" class=\"wp-image-459 alignnone\" src=\"http:\/\/domaine-belemnites.com\/wp-content\/uploads\/2016\/01\/sport2-compressor1.jpg\" alt=\"sport2-compressor1\" width=\"224\" height=\"240\" \/><\/p>\n<\/div>\n<div class=\"csColumnGap\" style=\"margin: 0px; padding: 0px; float: left; width: 1.15%;\"><img decoding=\"async\" style=\"border: none;\" src=\"http:\/\/domaine-belemnites.com\/wp-content\/plugins\/advanced-wp-columns\/assets\/js\/plugins\/views\/img\/1x1-pixel.png\" alt=\"\" \/><\/div>\n<div class=\"csColumn\" style=\"margin: 0px; padding: 0px; float: left; width: 32.8%;\" data-csstartpoint=\"645\" data-csendpoint=\"960\" data-cswidth=\"32.8%\" data-csid=\"44e55e3b-92e0-bf1c-89b6-afcb257b3bd3\">\n<p><img decoding=\"async\" loading=\"lazy\" class=\"size-full wp-image-468 alignnone\" src=\"http:\/\/domaine-belemnites.com\/wp-content\/uploads\/2016\/01\/aiguillettes-de-canard-hometsvins2.jpg\" alt=\"aiguillettes-de-canard-hometsvins2\" width=\"230\" height=\"230\" srcset=\"https:\/\/domaine-belemnites.com\/wp-content\/uploads\/2016\/01\/aiguillettes-de-canard-hometsvins2.jpg 230w, https:\/\/domaine-belemnites.com\/wp-content\/uploads\/2016\/01\/aiguillettes-de-canard-hometsvins2-150x150.jpg 150w\" sizes=\"(max-width: 230px) 100vw, 230px\" \/><\/p>\n<\/div>\n<p><img decoding=\"async\" loading=\"lazy\" class=\"wp-image-460 alignleft\" src=\"http:\/\/domaine-belemnites.com\/wp-content\/uploads\/2016\/01\/trouusss1.jpg\" alt=\"trouusss1\" width=\"241\" height=\"226\" \/><\/p>\n<div class=\"csRow\"><\/div>\n<div class=\"csRow\">\n<div class=\"csRow\">\n<div class=\"csColumn\" style=\"margin: 0px; padding: 0px; float: left; width: 61.6%;\" data-csstartpoint=\"0\" data-csendpoint=\"591\" data-cswidth=\"61.6%\" data-csid=\"f29d250d-52aa-f27a-bef4-6e2c4fb764ec\">\n<p><strong>Terroir:<\/strong><\/p>\n<p><strong>Le Clos des Valli\u00e8res<\/strong><\/p>\n<p>Exposition: Sud-Ouest<\/p>\n<p>Sol:\u00a0argilo-calcaire<\/p>\n<p><strong>Viticulture:<\/strong><\/p>\n<p>Superficie:\u00a00.5 hectares<\/p>\n<p>C\u00e9page:\u00a0Pinot noir<\/p>\n<p>Densit\u00e9: 5000 pieds\/hectare<\/p>\n<p>Rendements: 30\u00a0hl\/hectare , ma\u00eetriser les rendements afin que la vigne donne le meilleur.<\/p>\n<p>Vendanges manuelles en caisse<\/p>\n<p><strong>Vinfication:<\/strong><\/p>\n<p>\u00c9grappage, puis cuvaison durant 3 semaines environ avec des remontages pour \u00e9viter le dess\u00e8chement du chapeau et favoriser l&rsquo;extraction. Passage en cuve pour arrondir la fermentation malo-lactique puis passage en f\u00fbt de ch\u00eane durant 9 mois minimum pour arrondir les tanins et lui donner toute sa finesse et le bois\u00e9 du pinot.<\/p>\n<p><strong>D\u00e9gustation:<\/strong><\/p>\n<p>Le Pinot, nous donne ici un vin \u00e0 la robe grenat couleur cerise avec un nez typique fruits m\u00fbrs. En bouche une dominante de cassis, de m\u00fbre, des tanins bois\u00e9s fondus et une finale sur la fra\u00eecheur. Que du bonheur\u00a0!\u00a0\u00a0 A servir sur les viandes rouges, magret de canard grill\u00e9 \u2026humm<\/p>\n<\/div>\n<div class=\"csColumnGap\" style=\"margin: 0px; padding: 0px; float: left; width: 1.04%;\"><img decoding=\"async\" style=\"border: none;\" src=\"http:\/\/domaine-belemnites.com\/wp-content\/plugins\/advanced-wp-columns\/assets\/js\/plugins\/views\/img\/1x1-pixel.png\" alt=\"\" \/><\/div>\n<p>&nbsp;<\/p>\n<p>&nbsp;<\/p>\n<p>&nbsp;<\/p>\n<p><img decoding=\"async\" loading=\"lazy\" class=\"alignnone wp-image-593\" src=\"http:\/\/domaine-belemnites.com\/wp-content\/uploads\/2016\/01\/pinot-2-225x300.jpg\" alt=\"pinot 2\" width=\"315\" height=\"420\" srcset=\"https:\/\/domaine-belemnites.com\/wp-content\/uploads\/2016\/01\/pinot-2-225x300.jpg 225w, https:\/\/domaine-belemnites.com\/wp-content\/uploads\/2016\/01\/pinot-2-768x1024.jpg 768w\" sizes=\"(max-width: 315px) 100vw, 315px\" \/><\/p>\n<\/div>\n<div class=\"csRow\">\n<p><strong>Le mot du vigneron:\u00a0<\/strong><\/p>\n<p>Le Pinot noir est mon c\u00e9page pr\u00e9f\u00e9r\u00e9, sans surprise il offre un vin ample, charnu, ces notes de cassis vont vous ravir le palet. C&rsquo;est un d\u00e9lice et comme sur tout mes vins vous y retrouverai de la finesse et du fruit. .<\/p>\n<\/div>\n<div class=\"csRow\"><\/div>\n<div class=\"csRow\"><strong>Tarif btle par carton: 12.00\u20ac\u00a0<\/strong><\/div>\n<div class=\"csRow\"><\/div>\n<div class=\"csRow\">T\u00e9l\u00e9charger le PDF suivant pour commander:\u00a0 \u00a0<a href=\"http:\/\/domaine-belemnites.com\/wp-content\/uploads\/2016\/01\/bon-de-commande-2026.pdf\">bon de commande 2026<\/a><\/div>\n<\/div>\n","protected":false},"excerpt":{"rendered":"<p>Pinot noir, le rouge par excellence\u00a0. Terroir: Le Clos des Valli\u00e8res Exposition: Sud-Ouest Sol:\u00a0argilo-calcaire Viticulture: Superficie:\u00a00.5 hectares C\u00e9page:\u00a0Pinot noir Densit\u00e9: 5000 pieds\/hectare Rendements: 30\u00a0hl\/hectare , ma\u00eetriser les rendements afin que la vigne donne le meilleur. Vendanges manuelles en caisse Vinfication: &hellip; <a href=\"https:\/\/domaine-belemnites.com\/?page_id=215\">Lire la suite\u00ad\u00ad<\/a><\/p>\n","protected":false},"author":1,"featured_media":0,"parent":20,"menu_order":62,"comment_status":"closed","ping_status":"closed","template":"page-fullwidth.php","meta":[],"_links":{"self":[{"href":"https:\/\/domaine-belemnites.com\/index.php?rest_route=\/wp\/v2\/pages\/215"}],"collection":[{"href":"https:\/\/domaine-belemnites.com\/index.php?rest_route=\/wp\/v2\/pages"}],"about":[{"href":"https:\/\/domaine-belemnites.com\/index.php?rest_route=\/wp\/v2\/types\/page"}],"author":[{"embeddable":true,"href":"https:\/\/domaine-belemnites.com\/index.php?rest_route=\/wp\/v2\/users\/1"}],"replies":[{"embeddable":true,"href":"https:\/\/domaine-belemnites.com\/index.php?rest_route=%2Fwp%2Fv2%2Fcomments&post=215"}],"version-history":[{"count":20,"href":"https:\/\/domaine-belemnites.com\/index.php?rest_route=\/wp\/v2\/pages\/215\/revisions"}],"predecessor-version":[{"id":695,"href":"https:\/\/domaine-belemnites.com\/index.php?rest_route=\/wp\/v2\/pages\/215\/revisions\/695"}],"up":[{"embeddable":true,"href":"https:\/\/domaine-belemnites.com\/index.php?rest_route=\/wp\/v2\/pages\/20"}],"wp:attachment":[{"href":"https:\/\/domaine-belemnites.com\/index.php?rest_route=%2Fwp%2Fv2%2Fmedia&parent=215"}],"curies":[{"name":"wp","href":"https:\/\/api.w.org\/{rel}","templated":true}]}}