{"id":22,"date":"2016-01-25T10:51:59","date_gmt":"2016-01-25T09:51:59","guid":{"rendered":"http:\/\/domaine-belemnites.com\/?page_id=22"},"modified":"2025-09-25T18:05:02","modified_gmt":"2025-09-25T17:05:02","slug":"chardonnay","status":"publish","type":"page","link":"https:\/\/domaine-belemnites.com\/?page_id=22","title":{"rendered":"Chardonnay Vieilles Vignes"},"content":{"rendered":"<p>&nbsp;<\/p>\n<h2><strong>Le Chardonnay, le vin des amis<\/strong>.<\/h2>\n<div class=\"csRow\">\n<div class=\"csColumn\" style=\"margin: 0px; padding: 0px; float: left; width: 32.6%;\" data-csstartpoint=\"0\" data-csendpoint=\"313\" data-cswidth=\"32.6%\" data-csid=\"e6cd0931-caf8-1399-b527-77f501cd64d5\">\n<p><img decoding=\"async\" loading=\"lazy\" class=\"alignnone wp-image-209\" src=\"http:\/\/domaine-belemnites.com\/wp-content\/uploads\/2016\/01\/vendange3-300x225.jpg\" alt=\"vendange3\" width=\"270\" height=\"202\" \/><\/p>\n<\/div>\n<div class=\"csColumnGap\" style=\"margin: 0px; padding: 0px; float: left; width: 0.625%;\"><img decoding=\"async\" style=\"border: none;\" src=\"http:\/\/domaine-belemnites.com\/wp-content\/plugins\/advanced-wp-columns\/assets\/js\/plugins\/views\/img\/1x1-pixel.png\" alt=\"\" \/><\/div>\n<div class=\"csColumn\" style=\"margin: 0px; padding: 0px; float: left; width: 32.8%;\" data-csstartpoint=\"319\" data-csendpoint=\"634\" data-cswidth=\"32.8%\" data-csid=\"82d7977e-5f9e-b258-b731-5051739d9169\">\n<p><img decoding=\"async\" loading=\"lazy\" class=\"size-medium wp-image-207\" src=\"http:\/\/domaine-belemnites.com\/wp-content\/uploads\/2016\/01\/Chardo-bis-300x225.jpg\" alt=\"SAMSUNG DIGITAL CAMERA\" width=\"300\" height=\"225\" \/><\/p>\n<\/div>\n<div class=\"csColumnGap\" style=\"margin: 0px; padding: 0px; float: left; width: 1.15%;\"><img decoding=\"async\" style=\"border: none;\" src=\"http:\/\/domaine-belemnites.com\/wp-content\/plugins\/advanced-wp-columns\/assets\/js\/plugins\/views\/img\/1x1-pixel.png\" alt=\"\" \/><\/div>\n<div class=\"csColumn\" style=\"margin: 0px; padding: 0px; float: left; width: 32.8%;\" data-csstartpoint=\"645\" data-csendpoint=\"960\" data-cswidth=\"32.8%\" data-csid=\"44e55e3b-92e0-bf1c-89b6-afcb257b3bd3\">\n<p><img decoding=\"async\" loading=\"lazy\" class=\"size-medium wp-image-208 alignnone\" src=\"http:\/\/domaine-belemnites.com\/wp-content\/uploads\/2016\/01\/cuverie2-bis-300x225.jpg\" alt=\"cuverie2 bis\" width=\"300\" height=\"225\" \/><\/p>\n<\/div>\n<div style=\"clear: both; float: none; display: block; visibility: hidden; width: 0px; font-size: 0px; line-height: 0;\"><\/div>\n<\/div>\n<p>&nbsp;<\/p>\n<div class=\"csColumnGap\" style=\"margin: 0px; padding: 0px; float: left; width: 0.938%;\"><img decoding=\"async\" style=\"border: none;\" src=\"http:\/\/domaine-belemnites.com\/wp-content\/plugins\/advanced-wp-columns\/assets\/js\/plugins\/views\/img\/1x1-pixel.png\" alt=\"\" \/><\/div>\n<p><strong>Terroir:<\/strong><\/p>\n<div class=\"csRow\">\n<div class=\"csRow\">\n<div class=\"csColumn\" style=\"margin: 0px; padding: 0px; float: left; width: 61.6%;\" data-csstartpoint=\"0\" data-csendpoint=\"591\" data-cswidth=\"61.6%\" data-csid=\"f29d250d-52aa-f27a-bef4-6e2c4fb764ec\">\n<p><strong>En Barberon\u00a0<\/strong><\/p>\n<p>Exposition: Ouest<\/p>\n<p>Sol: calcaire en surface, marne du lias en sous-sol<\/p>\n<p><strong>Viticulture:<\/strong><\/p>\n<p>Superficie: 2.5\u00a0hectares<\/p>\n<p>C\u00e9page:\u00a0Chardonnay<\/p>\n<p>Densit\u00e9: 5000 pieds\/hectare<\/p>\n<p>Rendements: 45\u00a0hl\/hectare ,\u00a0rendement moyen pour ce c\u00e9page tr\u00e8s productif<\/p>\n<p>Vendanges manuelles<\/p>\n<p><strong>Vinfication:<\/strong><\/p>\n<p>Pressurage en vendange enti\u00e8re, fermentation directe en cuve puis passage en f\u00fbt de ch\u00eane de 228 litres environ 12 mois. Il sera ouill\u00e9 avec du Savagnin afin d&rsquo;obtenir la\u00a0typicit\u00e9 du terroir Jurassien et b\u00e2tonn\u00e9 jusqu&rsquo;\u00e0 avoir le gras en bouche suffisant, si agr\u00e9able au Chardonnay.<\/p>\n<p><strong>D\u00e9gustation:<\/strong><\/p>\n<p>Vin tout d&rsquo;abord marqu\u00e9 par l&rsquo;aspect floral puis rapidement, ce sont les agrumes qui se r\u00e9v\u00e8lent pour laisser place en fin de bouche au gras et au terroir. Id\u00e9al en ap\u00e9ritif bien frais ou avec des poissons, crustac\u00e9s, et viandes blanches.<\/p>\n<\/div>\n<div class=\"csColumnGap\" style=\"margin: 0px; padding: 0px; float: left; width: 1.04%;\"><img decoding=\"async\" style=\"border: none;\" src=\"http:\/\/domaine-belemnites.com\/wp-content\/plugins\/advanced-wp-columns\/assets\/js\/plugins\/views\/img\/1x1-pixel.png\" alt=\"\" \/><\/div>\n<p><img decoding=\"async\" loading=\"lazy\" class=\"alignnone wp-image-602\" src=\"http:\/\/domaine-belemnites.com\/wp-content\/uploads\/2016\/01\/chardonnay-225x300.jpg\" alt=\"chardonnay\" width=\"311\" height=\"415\" srcset=\"https:\/\/domaine-belemnites.com\/wp-content\/uploads\/2016\/01\/chardonnay-225x300.jpg 225w, https:\/\/domaine-belemnites.com\/wp-content\/uploads\/2016\/01\/chardonnay-768x1024.jpg 768w\" sizes=\"(max-width: 311px) 100vw, 311px\" \/><\/p>\n<div style=\"clear: both; float: none; display: block; visibility: hidden; width: 0px; font-size: 0px; line-height: 0;\"><\/div>\n<\/div>\n<div class=\"csRow\">\n<p><strong>Le mot du vigneron:\u00a0<\/strong><\/p>\n<p>Ce vin repr\u00e9sente avec le Savagnin ouill\u00e9, toute notre philosophie de vie.Le partage d&rsquo;une bonne bouteille sans pr\u00e9tention avec ses amis, c&rsquo;est du bonheur! Il se veut agr\u00e9able et convivial \u00e0 table.<\/p>\n<p>&nbsp;<\/p>\n<p><strong>Tarif btle par carton: 11.00\u20ac\u00a0<\/strong><\/p>\n<p>&nbsp;<\/p>\n<p>T\u00e9l\u00e9charger le PDF suivant pour commander:\u00a0<a href=\"http:\/\/domaine-belemnites.com\/wp-content\/uploads\/2016\/01\/bon-de-commande-2026.pdf\">bon de commande 2026<\/a><\/p>\n<\/div>\n<\/div>\n","protected":false},"excerpt":{"rendered":"<p>&nbsp; Le Chardonnay, le vin des amis. &nbsp; Terroir: En Barberon\u00a0 Exposition: Ouest Sol: calcaire en surface, marne du lias en sous-sol Viticulture: Superficie: 2.5\u00a0hectares C\u00e9page:\u00a0Chardonnay Densit\u00e9: 5000 pieds\/hectare Rendements: 45\u00a0hl\/hectare ,\u00a0rendement moyen pour ce c\u00e9page tr\u00e8s productif Vendanges manuelles &hellip; <a href=\"https:\/\/domaine-belemnites.com\/?page_id=22\">Lire la suite\u00ad\u00ad<\/a><\/p>\n","protected":false},"author":1,"featured_media":0,"parent":20,"menu_order":50,"comment_status":"closed","ping_status":"closed","template":"page-fullwidth.php","meta":[],"_links":{"self":[{"href":"https:\/\/domaine-belemnites.com\/index.php?rest_route=\/wp\/v2\/pages\/22"}],"collection":[{"href":"https:\/\/domaine-belemnites.com\/index.php?rest_route=\/wp\/v2\/pages"}],"about":[{"href":"https:\/\/domaine-belemnites.com\/index.php?rest_route=\/wp\/v2\/types\/page"}],"author":[{"embeddable":true,"href":"https:\/\/domaine-belemnites.com\/index.php?rest_route=\/wp\/v2\/users\/1"}],"replies":[{"embeddable":true,"href":"https:\/\/domaine-belemnites.com\/index.php?rest_route=%2Fwp%2Fv2%2Fcomments&post=22"}],"version-history":[{"count":31,"href":"https:\/\/domaine-belemnites.com\/index.php?rest_route=\/wp\/v2\/pages\/22\/revisions"}],"predecessor-version":[{"id":698,"href":"https:\/\/domaine-belemnites.com\/index.php?rest_route=\/wp\/v2\/pages\/22\/revisions\/698"}],"up":[{"embeddable":true,"href":"https:\/\/domaine-belemnites.com\/index.php?rest_route=\/wp\/v2\/pages\/20"}],"wp:attachment":[{"href":"https:\/\/domaine-belemnites.com\/index.php?rest_route=%2Fwp%2Fv2%2Fmedia&parent=22"}],"curies":[{"name":"wp","href":"https:\/\/api.w.org\/{rel}","templated":true}]}}