{"id":26,"date":"2016-01-25T10:53:44","date_gmt":"2016-01-25T09:53:44","guid":{"rendered":"http:\/\/domaine-belemnites.com\/?page_id=26"},"modified":"2025-09-25T18:06:23","modified_gmt":"2025-09-25T17:06:23","slug":"vin-jaune","status":"publish","type":"page","link":"https:\/\/domaine-belemnites.com\/?page_id=26","title":{"rendered":"Vin Jaune"},"content":{"rendered":"<div class=\"csRow\">\n<div class=\"csRow\">\n<div class=\"csColumn\" style=\"margin: 0px; padding: 0px; float: left; width: 31.9%;\" data-csstartpoint=\"0\" data-csendpoint=\"306\" data-cswidth=\"31.9%\" data-csid=\"85380199-9142-fb9c-9ee8-f3f59e69ddf0\">\u00a0<img decoding=\"async\" style=\"border: none;\" src=\"http:\/\/domaine-belemnites.com\/wp-content\/plugins\/advanced-wp-columns\/assets\/js\/plugins\/views\/img\/1x1-pixel.png\" alt=\"\" \/><\/div>\n<div style=\"clear: both; float: none; display: block; visibility: hidden; width: 0px; font-size: 0px; line-height: 0;\"><\/div>\n<\/div>\n<\/div>\n<h2><strong>Le vin Jaune l&rsquo;un des plus grands vins du monde<\/strong>.<\/h2>\n<div class=\"csRow\">\n<div class=\"csColumn\" style=\"margin: 0px; padding: 0px; float: left; width: 32.4%;\" data-csstartpoint=\"0\" data-csendpoint=\"311\" data-cswidth=\"32.4%\" data-csid=\"3844f40f-12f0-2f60-8ebd-5364d8362c18\"><\/div>\n<div class=\"csColumnGap\" style=\"margin: 0px; padding: 0px; float: left; width: 1.04%;\"><img decoding=\"async\" style=\"border: none;\" src=\"http:\/\/domaine-belemnites.com\/wp-content\/plugins\/advanced-wp-columns\/assets\/js\/plugins\/views\/img\/1x1-pixel.png\" alt=\"\" \/><\/div>\n<div class=\"csColumn\" style=\"margin: 0px; padding: 0px; float: left; width: 31.4%;\" data-csstartpoint=\"321\" data-csendpoint=\"622\" data-cswidth=\"31.4%\" data-csid=\"84d52cd5-cb96-6323-a57f-c72e87a5194c\"><\/div>\n<div class=\"csColumnGap\" style=\"margin: 0px; padding: 0px; float: left; width: 1.04%;\"><img decoding=\"async\" style=\"border: none;\" src=\"http:\/\/domaine-belemnites.com\/wp-content\/plugins\/advanced-wp-columns\/assets\/js\/plugins\/views\/img\/1x1-pixel.png\" alt=\"\" \/><\/div>\n<div class=\"csColumn\" style=\"margin: 0px; padding: 0px; float: left; width: 32.5%;\" data-csstartpoint=\"632\" data-csendpoint=\"944\" data-cswidth=\"32.5%\" data-csid=\"8824ca6c-a688-1098-8fb5-1d2d10233d44\">\u00a0<img decoding=\"async\" style=\"border: none;\" src=\"http:\/\/domaine-belemnites.com\/wp-content\/plugins\/advanced-wp-columns\/assets\/js\/plugins\/views\/img\/1x1-pixel.png\" alt=\"\" \/><\/div>\n<div style=\"clear: both; float: none; display: block; visibility: hidden; width: 0px; font-size: 0px; line-height: 0;\"><\/div>\n<\/div>\n<div class=\"csRow\">\n<div class=\"csColumn\" style=\"margin: 0px; padding: 0px; float: left; width: 31.7%;\" data-csstartpoint=\"0\" data-csendpoint=\"304\" data-cswidth=\"31.7%\" data-csid=\"25760aa8-e2e7-a9b6-8f58-7761b7b1910d\">\n<p>\u00a0<img decoding=\"async\" loading=\"lazy\" class=\"size-medium wp-image-141 aligncenter\" src=\"http:\/\/domaine-belemnites.com\/wp-content\/uploads\/2016\/01\/CIMG1228-300x225.jpg\" alt=\"CIMG1228\" width=\"300\" height=\"225\" \/><\/p>\n<\/div>\n<div class=\"csColumnGap\" style=\"margin: 0px; padding: 0px; float: left; width: 1.15%;\"><img decoding=\"async\" style=\"border: none;\" src=\"http:\/\/domaine-belemnites.com\/wp-content\/plugins\/advanced-wp-columns\/assets\/js\/plugins\/views\/img\/1x1-pixel.png\" alt=\"\" \/><\/div>\n<div class=\"csColumn\" style=\"margin: 0px; padding: 0px; float: left; width: 31.7%;\" data-csstartpoint=\"315\" data-csendpoint=\"619\" data-cswidth=\"31.7%\" data-csid=\"df812804-43c3-5c44-ac1d-ae27bb3b971e\">\n<p>\u00a0<img decoding=\"async\" loading=\"lazy\" class=\"alignnone size-medium wp-image-196\" src=\"http:\/\/domaine-belemnites.com\/wp-content\/uploads\/2016\/01\/elevage-vin-jaune-bis-300x225.jpg\" alt=\"elevage-vin-jaune bis\" width=\"300\" height=\"225\" \/><\/p>\n<\/div>\n<div class=\"csColumnGap\" style=\"margin: 0px; padding: 0px; float: left; width: 1.98%;\"><img decoding=\"async\" style=\"border: none;\" src=\"http:\/\/domaine-belemnites.com\/wp-content\/plugins\/advanced-wp-columns\/assets\/js\/plugins\/views\/img\/1x1-pixel.png\" alt=\"\" \/><\/div>\n<div class=\"csColumn\" style=\"margin: 0px; padding: 0px; float: left; width: 31.7%;\" data-csstartpoint=\"638\" data-csendpoint=\"942\" data-cswidth=\"31.7%\" data-csid=\"aa07737e-c542-7609-b1a5-55c9a4449973\">\n<p>\u00a0<img decoding=\"async\" loading=\"lazy\" class=\"alignnone size-medium wp-image-238\" src=\"http:\/\/domaine-belemnites.com\/wp-content\/uploads\/2016\/01\/vin-jaune-bis-300x225.jpg\" alt=\"vin jaune bis\" width=\"300\" height=\"225\" \/><\/p>\n<\/div>\n<div class=\"csColumnGap\" style=\"margin: 0px; padding: 0px; float: left; width: 1.88%;\"><img decoding=\"async\" style=\"border: none;\" src=\"http:\/\/domaine-belemnites.com\/wp-content\/plugins\/advanced-wp-columns\/assets\/js\/plugins\/views\/img\/1x1-pixel.png\" alt=\"\" \/><\/div>\n<div style=\"clear: both; float: none; display: block; visibility: hidden; width: 0px; font-size: 0px; line-height: 0;\"><\/div>\n<\/div>\n<p><br class=\"nc\" \/><br class=\"nc\" \/><\/p>\n<div class=\"csRow\">\n<div class=\"csRow\">\n<div class=\"csColumn\" style=\"margin: 0px; padding: 0px; float: left; width: 61.6%;\" data-csstartpoint=\"0\" data-csendpoint=\"591\" data-cswidth=\"61.6%\" data-csid=\"f29d250d-52aa-f27a-bef4-6e2c4fb764ec\">\n<p><strong> Terroir: <\/strong><\/p>\n<p><strong>En Barberon\u00a0<\/strong><\/p>\n<p>Exposition: Ouest<\/p>\n<p>Sol: calcaire en surface, marne du lias en sous-sol<\/p>\n<p><strong>Viticulture:<\/strong><\/p>\n<p>Superficie: 1\u00a0hectare<\/p>\n<p>C\u00e9page: Savagnin<\/p>\n<p>Densit\u00e9: 5000 pieds\/hectare<\/p>\n<p>Rendements: 30\u00a0hl\/hectare , ma\u00eetriser le rendement afin que la vigne donne le meilleur.<\/p>\n<p>Vendanges manuelles<\/p>\n<p><strong>Vinfication:<\/strong><\/p>\n<p>Apr\u00e8s pressurage, fermentation directe en cuve puis passage en f\u00fbt de ch\u00eane de 228 litres, au minimum six ans et trois mois sans soutirage ni ouillage. Durant son vieillissement, un voile de levures se d\u00e9veloppe en surface et pr\u00e9serve le vin de l&rsquo;oxydation en le privant de contact avec l&rsquo;air ambiant. Ce sont ces levures qui permettent au vin jaune\u00a0d&rsquo;obtenir myst\u00e9rieusement ses caract\u00e9ristiques organoleptiques si complexes. Au cours de cette \u00e9tape,1\/3 du volume dispara\u00eet, on appelle ceci la part des anges.<\/p>\n<p><strong>D\u00e9gustation:<\/strong><\/p>\n<p>Vin puissant et complexe au nez de noix et d&rsquo;\u00e9pices (curry, safran, gingembre). La mise en bouche est massive et saisissante et d&rsquo;une longueur remarquable. A boire sur un plat aux morilles, au curry, aux champignons, vieux comt\u00e9.<\/p>\n<\/div>\n<div class=\"csColumnGap\" style=\"margin: 0px; padding: 0px; float: left; width: 1.04%;\"><img decoding=\"async\" style=\"border: none;\" src=\"http:\/\/domaine-belemnites.com\/wp-content\/plugins\/advanced-wp-columns\/assets\/js\/plugins\/views\/img\/1x1-pixel.png\" alt=\"\" \/><\/div>\n<div class=\"csColumn\" style=\"margin: 0px; padding: 0px; float: left; width: 37.4%;\" data-csstartpoint=\"601\" data-csendpoint=\"960\" data-cswidth=\"37.4%\" data-csid=\"69170b09-2e79-5d6e-b2d0-59fc9ff1d503\">\n<p><img decoding=\"async\" loading=\"lazy\" class=\"alignnone wp-image-366\" src=\"http:\/\/domaine-belemnites.com\/wp-content\/uploads\/2016\/01\/IMGP3122-bis.jpg\" alt=\"IMGP3122 bis\" width=\"1864\" height=\"2861\" srcset=\"https:\/\/domaine-belemnites.com\/wp-content\/uploads\/2016\/01\/IMGP3122-bis.jpg 1747w, https:\/\/domaine-belemnites.com\/wp-content\/uploads\/2016\/01\/IMGP3122-bis-195x300.jpg 195w, https:\/\/domaine-belemnites.com\/wp-content\/uploads\/2016\/01\/IMGP3122-bis-768x1179.jpg 768w, https:\/\/domaine-belemnites.com\/wp-content\/uploads\/2016\/01\/IMGP3122-bis-667x1024.jpg 667w\" sizes=\"(max-width: 1864px) 100vw, 1864px\" \/><\/p>\n<\/div>\n<div style=\"clear: both; float: none; display: block; visibility: hidden; width: 0px; font-size: 0px; line-height: 0;\"><\/div>\n<\/div>\n<div class=\"csRow\">\n<p><strong>Le mot du vigneron:\u00a0<\/strong><\/p>\n<p>Ce vin si typiquement jurassien avec ses saveurs de noix n&rsquo;est pas\u00a0\u00e0 d\u00e9guster sans \u00eatre conseill\u00e9, ni averti. Pour ma part, je pr\u00e9f\u00e8re le \u00ab\u00a0C\u00f4tes du Jura\u00a0\u00bb jaune pour sa\u00a0souplesse, et je l&rsquo;appr\u00e9cie en ap\u00e9ritif avec des d\u00e9s de comt\u00e9 \u00ab\u00a0quel d\u00e9lice\u00a0\u00bb. Faire du vin Jaune c&rsquo;est sign\u00e9 pour une aventure sur 7 ans, la vinification est p\u00e9rilleuse et incertaine, ce sont\u00a0les secrets du vin jaune.<\/p>\n<p>&nbsp;<\/p>\n<p><strong>Tarif btle par carton : 29\u20ac TTC<\/strong><\/p>\n<p>&nbsp;<\/p>\n<\/div>\n<div class=\"csRow\">T\u00e9l\u00e9charger le PDF suivant pour commander:\u00a0 \u00a0<a href=\"http:\/\/domaine-belemnites.com\/wp-content\/uploads\/2016\/01\/bon-de-commande-2026.pdf\">bon de commande 2026<\/a><\/div>\n<p>&nbsp;<\/p>\n<p>&nbsp;<\/p>\n<\/div>\n","protected":false},"excerpt":{"rendered":"<p>\u00a0 Le vin Jaune l&rsquo;un des plus grands vins du monde. \u00a0 \u00a0 \u00a0 \u00a0 Terroir: En Barberon\u00a0 Exposition: Ouest Sol: calcaire en surface, marne du lias en sous-sol Viticulture: Superficie: 1\u00a0hectare C\u00e9page: Savagnin Densit\u00e9: 5000 pieds\/hectare Rendements: 30\u00a0hl\/hectare , &hellip; <a href=\"https:\/\/domaine-belemnites.com\/?page_id=26\">Lire la suite\u00ad\u00ad<\/a><\/p>\n","protected":false},"author":1,"featured_media":0,"parent":20,"menu_order":20,"comment_status":"closed","ping_status":"closed","template":"page-fullwidth.php","meta":[],"_links":{"self":[{"href":"https:\/\/domaine-belemnites.com\/index.php?rest_route=\/wp\/v2\/pages\/26"}],"collection":[{"href":"https:\/\/domaine-belemnites.com\/index.php?rest_route=\/wp\/v2\/pages"}],"about":[{"href":"https:\/\/domaine-belemnites.com\/index.php?rest_route=\/wp\/v2\/types\/page"}],"author":[{"embeddable":true,"href":"https:\/\/domaine-belemnites.com\/index.php?rest_route=\/wp\/v2\/users\/1"}],"replies":[{"embeddable":true,"href":"https:\/\/domaine-belemnites.com\/index.php?rest_route=%2Fwp%2Fv2%2Fcomments&post=26"}],"version-history":[{"count":49,"href":"https:\/\/domaine-belemnites.com\/index.php?rest_route=\/wp\/v2\/pages\/26\/revisions"}],"predecessor-version":[{"id":701,"href":"https:\/\/domaine-belemnites.com\/index.php?rest_route=\/wp\/v2\/pages\/26\/revisions\/701"}],"up":[{"embeddable":true,"href":"https:\/\/domaine-belemnites.com\/index.php?rest_route=\/wp\/v2\/pages\/20"}],"wp:attachment":[{"href":"https:\/\/domaine-belemnites.com\/index.php?rest_route=%2Fwp%2Fv2%2Fmedia&parent=26"}],"curies":[{"name":"wp","href":"https:\/\/api.w.org\/{rel}","templated":true}]}}