{"id":28,"date":"2016-01-25T10:55:27","date_gmt":"2016-01-25T09:55:27","guid":{"rendered":"http:\/\/domaine-belemnites.com\/?page_id=28"},"modified":"2025-09-25T18:05:31","modified_gmt":"2025-09-25T17:05:31","slug":"savagnin-ouille","status":"publish","type":"page","link":"https:\/\/domaine-belemnites.com\/?page_id=28","title":{"rendered":"Savagnin Natur\u00e9"},"content":{"rendered":"<h2><strong>Le Savagnin Natur\u00e9, le terroir amical<\/strong>.<\/h2>\n<div class=\"csRow\"><\/div>\n<div class=\"csRow\">\n<div class=\"csRow\">\n<div class=\"csColumn\" style=\"margin: 0px; padding: 0px; float: left; width: 32%;\" data-csstartpoint=\"0\" data-csendpoint=\"307\" data-cswidth=\"32.0%\" data-csid=\"ee07a8a6-d63a-8a4e-946f-0c969748d23b\">\n<p>&nbsp;<\/p>\n<p><img decoding=\"async\" loading=\"lazy\" class=\"alignnone size-medium wp-image-255\" src=\"http:\/\/domaine-belemnites.com\/wp-content\/uploads\/2016\/01\/vendange2-300x225.jpg\" alt=\"vendange2\" width=\"300\" height=\"225\" \/><\/p>\n<\/div>\n<div class=\"csColumnGap\" style=\"margin: 0px; padding: 0px; float: left; width: 1.04%;\"><img decoding=\"async\" style=\"border: none;\" src=\"http:\/\/domaine-belemnites.com\/wp-content\/plugins\/advanced-wp-columns\/assets\/js\/plugins\/views\/img\/1x1-pixel.png\" alt=\"\" \/><\/div>\n<div class=\"csColumn\" style=\"margin: 0px; padding: 0px; float: left; width: 32%;\" data-csstartpoint=\"317\" data-csendpoint=\"624\" data-cswidth=\"32.0%\" data-csid=\"b6f7f805-73d7-4919-b19c-b19812822d8b\">\n<p>&nbsp;<\/p>\n<p><img decoding=\"async\" loading=\"lazy\" class=\"alignnone size-medium wp-image-246\" src=\"http:\/\/domaine-belemnites.com\/wp-content\/uploads\/2016\/01\/savagnin-300x225.jpg\" alt=\"savagnin\" width=\"300\" height=\"225\" \/><\/p>\n<\/div>\n<div class=\"csColumnGap\" style=\"margin: 0px; padding: 0px; float: left; width: 1.56%;\"><img decoding=\"async\" style=\"border: none;\" src=\"http:\/\/domaine-belemnites.com\/wp-content\/plugins\/advanced-wp-columns\/assets\/js\/plugins\/views\/img\/1x1-pixel.png\" alt=\"\" \/><\/div>\n<div class=\"csColumn\" style=\"margin: 0px; padding: 0px; float: left; width: 32%;\" data-csstartpoint=\"639\" data-csendpoint=\"946\" data-cswidth=\"32.0%\" data-csid=\"a3b7f435-759a-8c9f-8f76-a842087ab0c0\">\n<p>&nbsp;<\/p>\n<p><img decoding=\"async\" loading=\"lazy\" class=\"alignnone size-medium wp-image-141\" src=\"http:\/\/domaine-belemnites.com\/wp-content\/uploads\/2016\/01\/CIMG1228-300x225.jpg\" alt=\"CIMG1228\" width=\"300\" height=\"225\" \/><\/p>\n<\/div>\n<\/div>\n<\/div>\n<div class=\"csRow\"><\/div>\n<div class=\"csColumnGap\" style=\"margin: 0px; padding: 0px; float: left; width: 0.938%;\"><img decoding=\"async\" style=\"border: none;\" src=\"http:\/\/domaine-belemnites.com\/wp-content\/plugins\/advanced-wp-columns\/assets\/js\/plugins\/views\/img\/1x1-pixel.png\" alt=\"\" \/><\/div>\n<p><strong>\u00a0<\/strong><\/p>\n<div class=\"csRow\">\n<div class=\"csRow\">\n<div class=\"csColumn\" style=\"margin: 0px; padding: 0px; float: left; width: 61.6%;\" data-csstartpoint=\"0\" data-csendpoint=\"591\" data-cswidth=\"61.6%\" data-csid=\"f29d250d-52aa-f27a-bef4-6e2c4fb764ec\">\n<p><strong>Terroir:<\/strong><\/p>\n<p><strong>En Barberon et Clos des Valli\u00e8res<\/strong><\/p>\n<p>Exposition: Ouest et Sud-Est<\/p>\n<p>Sol: calcaire en surface, marne du lias en sous-sol<\/p>\n<p><strong>Viticulture:<\/strong><\/p>\n<p>Superficie: 3.5\u00a0hectares<\/p>\n<p>C\u00e9page:\u00a0Savagnin<\/p>\n<p>Densit\u00e9: 5000 pieds\/hectare<\/p>\n<p>Rendements: 30\u00a0hl\/hectare , ma\u00eetriser le rendement afin que la vigne donne le meilleur.<\/p>\n<p>Vendanges manuelles<\/p>\n<p><strong>Vinfication:<\/strong><\/p>\n<p>Pressurage en vendange enti\u00e8re, fermentation directe en cuve, puis passage en f\u00fbt de ch\u00eane de 228 litres environ 12 mois. Il sera ouill\u00e9 avec du Savagnin afin garder la\u00a0typicit\u00e9 du terroir Jurassien et b\u00e2tonn\u00e9 jusqu&rsquo;\u00e0 avoir le gras en bouche suffisant.<\/p>\n<p><strong>D\u00e9gustation:<\/strong><\/p>\n<p>Ce vin \u00e0 la robe jaune p\u00e2le aux reflets or poss\u00e8de un nez parfum\u00e9 et frais aux nuances de fleurs blanches, acacia, agrumes.\u00a0En bouche, il est\u00a0souple et aromatique aux notes de litchi, et de raisin frais avec une finale fra\u00eeche. Il accompagne l&rsquo;ap\u00e9ritif, plateau de fruits de mer, poissons, le saumon fum\u00e9, les charcuteries, et volailles.<\/p>\n<\/div>\n<div class=\"csColumnGap\" style=\"margin: 0px; padding: 0px; float: left; width: 1.04%;\"><img decoding=\"async\" style=\"border: none;\" src=\"http:\/\/domaine-belemnites.com\/wp-content\/plugins\/advanced-wp-columns\/assets\/js\/plugins\/views\/img\/1x1-pixel.png\" alt=\"\" \/><\/div>\n<div class=\"csColumn\" style=\"margin: 0px; padding: 0px; float: left; width: 37.4%;\" data-csstartpoint=\"601\" data-csendpoint=\"960\" data-cswidth=\"37.4%\" data-csid=\"69170b09-2e79-5d6e-b2d0-59fc9ff1d503\">\n<p><img decoding=\"async\" loading=\"lazy\" class=\"alignnone wp-image-375 size-full\" src=\"http:\/\/domaine-belemnites.com\/wp-content\/uploads\/2016\/01\/IMGP3133-bis-1.jpg\" alt=\"IMGP3133 bis\" width=\"1652\" height=\"2845\" srcset=\"https:\/\/domaine-belemnites.com\/wp-content\/uploads\/2016\/01\/IMGP3133-bis-1.jpg 1652w, https:\/\/domaine-belemnites.com\/wp-content\/uploads\/2016\/01\/IMGP3133-bis-1-174x300.jpg 174w, https:\/\/domaine-belemnites.com\/wp-content\/uploads\/2016\/01\/IMGP3133-bis-1-768x1323.jpg 768w, https:\/\/domaine-belemnites.com\/wp-content\/uploads\/2016\/01\/IMGP3133-bis-1-595x1024.jpg 595w\" sizes=\"(max-width: 1652px) 100vw, 1652px\" \/><\/p>\n<\/div>\n<div style=\"clear: both; float: none; display: block; visibility: hidden; width: 0px; font-size: 0px; line-height: 0;\"><\/div>\n<\/div>\n<div class=\"csRow\">\n<p><strong>Le mot du vigneron:\u00a0<\/strong><\/p>\n<p>Ce vin est un passe partout, le terroir au travers du Savagnin est subtilement pr\u00e9sent tout en conservant de la fra\u00eecheur. Il exprime notre envie de partager et d&rsquo;accueillir comme pour le Chardonnay.<\/p>\n<p>&nbsp;<\/p>\n<p><strong>Tarif btle par carton: 12.00\u20ac\u00a0<\/strong><\/p>\n<p>T\u00e9l\u00e9charger le PDF suivant pour commander:\u00a0\u00a0<a href=\"http:\/\/domaine-belemnites.com\/wp-content\/uploads\/2016\/01\/bon-de-commande-2026.pdf\">bon de commande 2026<\/a><\/p>\n<\/div>\n<div class=\"csRow\"><\/div>\n<\/div>\n","protected":false},"excerpt":{"rendered":"<p>Le Savagnin Natur\u00e9, le terroir amical. &nbsp; &nbsp; &nbsp; \u00a0 Terroir: En Barberon et Clos des Valli\u00e8res Exposition: Ouest et Sud-Est Sol: calcaire en surface, marne du lias en sous-sol Viticulture: Superficie: 3.5\u00a0hectares C\u00e9page:\u00a0Savagnin Densit\u00e9: 5000 pieds\/hectare Rendements: 30\u00a0hl\/hectare , &hellip; <a href=\"https:\/\/domaine-belemnites.com\/?page_id=28\">Lire la suite\u00ad\u00ad<\/a><\/p>\n","protected":false},"author":1,"featured_media":0,"parent":20,"menu_order":40,"comment_status":"closed","ping_status":"closed","template":"page-fullwidth.php","meta":[],"_links":{"self":[{"href":"https:\/\/domaine-belemnites.com\/index.php?rest_route=\/wp\/v2\/pages\/28"}],"collection":[{"href":"https:\/\/domaine-belemnites.com\/index.php?rest_route=\/wp\/v2\/pages"}],"about":[{"href":"https:\/\/domaine-belemnites.com\/index.php?rest_route=\/wp\/v2\/types\/page"}],"author":[{"embeddable":true,"href":"https:\/\/domaine-belemnites.com\/index.php?rest_route=\/wp\/v2\/users\/1"}],"replies":[{"embeddable":true,"href":"https:\/\/domaine-belemnites.com\/index.php?rest_route=%2Fwp%2Fv2%2Fcomments&post=28"}],"version-history":[{"count":35,"href":"https:\/\/domaine-belemnites.com\/index.php?rest_route=\/wp\/v2\/pages\/28\/revisions"}],"predecessor-version":[{"id":699,"href":"https:\/\/domaine-belemnites.com\/index.php?rest_route=\/wp\/v2\/pages\/28\/revisions\/699"}],"up":[{"embeddable":true,"href":"https:\/\/domaine-belemnites.com\/index.php?rest_route=\/wp\/v2\/pages\/20"}],"wp:attachment":[{"href":"https:\/\/domaine-belemnites.com\/index.php?rest_route=%2Fwp%2Fv2%2Fmedia&parent=28"}],"curies":[{"name":"wp","href":"https:\/\/api.w.org\/{rel}","templated":true}]}}