{"id":30,"date":"2016-01-25T10:56:12","date_gmt":"2016-01-25T09:56:12","guid":{"rendered":"http:\/\/domaine-belemnites.com\/?page_id=30"},"modified":"2025-09-25T18:06:53","modified_gmt":"2025-09-25T17:06:53","slug":"vin-de-paille","status":"publish","type":"page","link":"https:\/\/domaine-belemnites.com\/?page_id=30","title":{"rendered":"Vin de Paille notre sp\u00e9cialit\u00e9"},"content":{"rendered":"<h2><strong>L&rsquo;\u00e9laboration particuli\u00e8re du Vin de Paille.<\/strong><\/h2>\n<div class=\"csRow\"><\/div>\n<div class=\"csRow\">\n<div class=\"csColumn\" style=\"margin: 0px; padding: 0px; float: left; width: 32.4%;\" data-csstartpoint=\"0\" data-csendpoint=\"311\" data-cswidth=\"32.4%\" data-csid=\"4694b2ba-0c7a-247c-9730-d8cd556883fd\">\n<p><img decoding=\"async\" loading=\"lazy\" class=\"size-medium wp-image-118 alignnone\" src=\"http:\/\/domaine-belemnites.com\/wp-content\/uploads\/2016\/01\/SNC11263-300x225.jpg\" alt=\"SAMSUNG DIGITAL CAMERA\" width=\"300\" height=\"225\" \/><\/p>\n<\/div>\n<div class=\"csColumnGap\" style=\"margin: 0px; padding: 0px; float: left; width: 0.625%;\"><img decoding=\"async\" style=\"border: none;\" src=\"http:\/\/domaine-belemnites.com\/wp-content\/plugins\/advanced-wp-columns\/assets\/js\/plugins\/views\/img\/1x1-pixel.png\" alt=\"\" \/><\/div>\n<div class=\"csColumn\" style=\"margin: 0px; padding: 0px; float: left; width: 32.5%;\" data-csstartpoint=\"317\" data-csendpoint=\"629\" data-cswidth=\"32.5%\" data-csid=\"b00a30c9-689c-e8b1-b5f1-ef4d01481e8b\">\n<p><img decoding=\"async\" loading=\"lazy\" class=\"size-medium wp-image-180\" src=\"http:\/\/domaine-belemnites.com\/wp-content\/uploads\/2016\/01\/SNC11260-bis-300x225.jpg\" alt=\"SAMSUNG DIGITAL CAMERA\" width=\"300\" height=\"225\" \/><\/p>\n<\/div>\n<div class=\"csColumnGap\" style=\"margin: 0px; padding: 0px; float: left; width: 1.67%;\"><img decoding=\"async\" style=\"border: none;\" src=\"http:\/\/domaine-belemnites.com\/wp-content\/plugins\/advanced-wp-columns\/assets\/js\/plugins\/views\/img\/1x1-pixel.png\" alt=\"\" \/><\/div>\n<div class=\"csColumn\" style=\"margin: 0px; padding: 0px; float: left; width: 32.7%;\" data-csstartpoint=\"645\" data-csendpoint=\"959\" data-cswidth=\"32.7%\" data-csid=\"4214daee-fdd3-279f-9c22-4c1163e88ecf\">\n<p><img decoding=\"async\" loading=\"lazy\" class=\"alignnone wp-image-120 size-medium\" src=\"http:\/\/domaine-belemnites.com\/wp-content\/uploads\/2016\/01\/passerillage3-300x225.jpg\" alt=\"passerillage3\" width=\"300\" height=\"225\" \/><\/p>\n<\/div>\n<div class=\"csColumnGap\" style=\"margin: 0px; padding: 0px; float: left; width: 0.104%;\"><img decoding=\"async\" style=\"border: none;\" src=\"http:\/\/domaine-belemnites.com\/wp-content\/plugins\/advanced-wp-columns\/assets\/js\/plugins\/views\/img\/1x1-pixel.png\" alt=\"\" \/><\/div>\n<div style=\"clear: both; float: none; display: block; visibility: hidden; width: 0px; font-size: 0px; line-height: 0;\"><\/div>\n<\/div>\n<p><strong>A la reprise du domaine , Joel BOILLEY nous \u00e0 transmis son savoir-faire sp\u00e9cifique\u00a0en la mati\u00e8re.Nous nous sommes donc \u00a0sp\u00e9cialis\u00e9s naturellement dans la vinification du vin de paille.<\/strong><\/p>\n<div class=\"csRow\">\n<div class=\"csColumn\" style=\"margin: 0px; padding: 0px; float: left; width: 61.6%;\" data-csstartpoint=\"0\" data-csendpoint=\"591\" data-cswidth=\"61.6%\" data-csid=\"f29d250d-52aa-f27a-bef4-6e2c4fb764ec\">\n<p><strong>Terroir:<\/strong><\/p>\n<p>L&rsquo;ensemble des parcelles du domaine participe \u00e0 l&rsquo;\u00e9laboration. Issues d\u2019une vendange manuelle, ces grappes sont s\u00e9lectionn\u00e9es\u00a0avec la plus grande attention afin de ne retenir que les plus beaux\u00a0fruits.<\/p>\n<p><strong>Viticulture:<\/strong><\/p>\n<p>Superficie: 6.3\u00a0hectares<\/p>\n<p>C\u00e9page: Chardonnay\/Trousseau\/Savagnin\/Poulsard<\/p>\n<p>Densit\u00e9: 5000 pieds\/hectare<\/p>\n<p>Rendements: 10 hl\/hectare, tr\u00e8s faible, le tri ne permet de prendre que les grappes les plus belles.<\/p>\n<p>Vendanges manuelles<\/p>\n<p><strong>Vinfication:<\/strong><\/p>\n<p>Les raisins doivent s\u00e9cher environ 2 mois apr\u00e8s vendanges sur des cagettes. L&rsquo;objectif est d&rsquo;obtenir une concentration naturelle des baies de raisins.<br \/>\nLe local de stockage est ventil\u00e9\u00a0mais non chauff\u00e9. Apr\u00e8s pressurage des baies d\u00e9shydrat\u00e9es regorgeant de sucre, on obtient 15 \u00e0 18 litres de mo\u00fbt pour 100 kilos de raisins. La fermentation lente qui s&rsquo;ach\u00e8ve naturellement donne un vin naturellement doux qui titre entre 14,5\u00b0 et 17\u00b0 d&rsquo;alcool. Il vieillira ensuite trois ann\u00e9es en tonneaux pour d\u00e9velopper ses ar\u00f4mes.<\/p>\n<p><strong>D\u00e9gustation:<\/strong><\/p>\n<p>Vin tr\u00e8s dense et riche avec un beau fruit. Ar\u00f4mes de coing, d\u2019abricot sec et de miel.<\/p>\n<p>A boire seul pour lui-m\u00eame ou \u00e0 accompagner de desserts.<\/p>\n<\/div>\n<div class=\"csColumnGap\" style=\"margin: 0px; padding: 0px; float: left; width: 1.04%;\"><img decoding=\"async\" style=\"border: none;\" src=\"http:\/\/domaine-belemnites.com\/wp-content\/plugins\/advanced-wp-columns\/assets\/js\/plugins\/views\/img\/1x1-pixel.png\" alt=\"\" \/><\/div>\n<div class=\"csColumn\" style=\"margin: 0px; padding: 0px; float: left; width: 37.4%;\" data-csstartpoint=\"601\" data-csendpoint=\"960\" data-cswidth=\"37.4%\" data-csid=\"69170b09-2e79-5d6e-b2d0-59fc9ff1d503\">\n<p><img decoding=\"async\" loading=\"lazy\" class=\"alignnone wp-image-363\" src=\"http:\/\/domaine-belemnites.com\/wp-content\/uploads\/2016\/01\/IMGP3123-bis.jpg\" alt=\"IMGP3123 bis\" width=\"1864\" height=\"3151\" srcset=\"https:\/\/domaine-belemnites.com\/wp-content\/uploads\/2016\/01\/IMGP3123-bis.jpg 1583w, https:\/\/domaine-belemnites.com\/wp-content\/uploads\/2016\/01\/IMGP3123-bis-177x300.jpg 177w, https:\/\/domaine-belemnites.com\/wp-content\/uploads\/2016\/01\/IMGP3123-bis-768x1298.jpg 768w, https:\/\/domaine-belemnites.com\/wp-content\/uploads\/2016\/01\/IMGP3123-bis-606x1024.jpg 606w\" sizes=\"(max-width: 1864px) 100vw, 1864px\" \/><\/p>\n<\/div>\n<div style=\"clear: both; float: none; display: block; visibility: hidden; width: 0px; font-size: 0px; line-height: 0;\"><\/div>\n<\/div>\n<p>&nbsp;<\/p>\n<p><strong>Le mot du vigneron<\/strong><\/p>\n<p>Comme beaucoup de jurassiens, j\u2019avais entendu parler du Vin de Paille mais jamais vraiment go\u00fbt\u00e9. C\u2019est \u00e0 mes d\u00e9buts dans le m\u00e9tier de vigneron que j\u2019ai eu l\u2019occasion de d\u00e9guster\u00a0le Vin de Paille. A ce jour, je ne pourrais plus me passer de ce nectar divin, et je p\u00e8se mes mots. Aucune comparaison possible avec un autre liquoreux, sa finesse et ses ar\u00f4mes n&rsquo;ont d&rsquo;\u00e9gal que le plaisir de le d\u00e9guster.<\/p>\n<p>&nbsp;<\/p>\n<p><strong>Tarif btl par carton: 19.00\u20ac TTC\u00a0<\/strong><\/p>\n<p><br class=\"nc\" \/>T\u00e9l\u00e9charger le PDF suivant pour commander:\u00a0<a href=\"http:\/\/domaine-belemnites.com\/wp-content\/uploads\/2016\/01\/bon-de-commande-2026.pdf\">bon de commande 2026<\/a><\/p>\n","protected":false},"excerpt":{"rendered":"<p>L&rsquo;\u00e9laboration particuli\u00e8re du Vin de Paille. A la reprise du domaine , Joel BOILLEY nous \u00e0 transmis son savoir-faire sp\u00e9cifique\u00a0en la mati\u00e8re.Nous nous sommes donc \u00a0sp\u00e9cialis\u00e9s naturellement dans la vinification du vin de paille. Terroir: L&rsquo;ensemble des parcelles du domaine &hellip; <a href=\"https:\/\/domaine-belemnites.com\/?page_id=30\">Lire la suite\u00ad\u00ad<\/a><\/p>\n","protected":false},"author":1,"featured_media":116,"parent":20,"menu_order":10,"comment_status":"closed","ping_status":"closed","template":"page-fullwidth.php","meta":[],"_links":{"self":[{"href":"https:\/\/domaine-belemnites.com\/index.php?rest_route=\/wp\/v2\/pages\/30"}],"collection":[{"href":"https:\/\/domaine-belemnites.com\/index.php?rest_route=\/wp\/v2\/pages"}],"about":[{"href":"https:\/\/domaine-belemnites.com\/index.php?rest_route=\/wp\/v2\/types\/page"}],"author":[{"embeddable":true,"href":"https:\/\/domaine-belemnites.com\/index.php?rest_route=\/wp\/v2\/users\/1"}],"replies":[{"embeddable":true,"href":"https:\/\/domaine-belemnites.com\/index.php?rest_route=%2Fwp%2Fv2%2Fcomments&post=30"}],"version-history":[{"count":52,"href":"https:\/\/domaine-belemnites.com\/index.php?rest_route=\/wp\/v2\/pages\/30\/revisions"}],"predecessor-version":[{"id":702,"href":"https:\/\/domaine-belemnites.com\/index.php?rest_route=\/wp\/v2\/pages\/30\/revisions\/702"}],"up":[{"embeddable":true,"href":"https:\/\/domaine-belemnites.com\/index.php?rest_route=\/wp\/v2\/pages\/20"}],"wp:featuredmedia":[{"embeddable":true,"href":"https:\/\/domaine-belemnites.com\/index.php?rest_route=\/wp\/v2\/media\/116"}],"wp:attachment":[{"href":"https:\/\/domaine-belemnites.com\/index.php?rest_route=%2Fwp%2Fv2%2Fmedia&parent=30"}],"curies":[{"name":"wp","href":"https:\/\/api.w.org\/{rel}","templated":true}]}}