{"id":34,"date":"2016-01-25T10:58:10","date_gmt":"2016-01-25T09:58:10","guid":{"rendered":"http:\/\/domaine-belemnites.com\/?page_id=34"},"modified":"2025-09-25T18:04:01","modified_gmt":"2025-09-25T17:04:01","slug":"pinot-trousseau","status":"publish","type":"page","link":"https:\/\/domaine-belemnites.com\/?page_id=34","title":{"rendered":"Trousseau Cuv\u00e9e CONVENTUS"},"content":{"rendered":"<p>&nbsp;<\/p>\n<p>&nbsp;<\/p>\n<h2><strong>Cuv\u00e9e CONVENTUS, l&rsquo;assemblage r\u00e9ussi <\/strong>.<\/h2>\n<p>&nbsp;<\/p>\n<div class=\"csRow\">\n<div class=\"csColumn\" style=\"margin: 0px; padding: 0px; float: left; width: 32.5%;\" data-csstartpoint=\"0\" data-csendpoint=\"312\" data-cswidth=\"32.5%\" data-csid=\"96e09a59-2f68-2d5c-b2da-23c072cd9257\">\n<p><img decoding=\"async\" loading=\"lazy\" class=\"alignnone size-medium wp-image-221\" src=\"http:\/\/domaine-belemnites.com\/wp-content\/uploads\/2016\/01\/rouge-bis-300x225.jpg\" alt=\"rouge bis\" width=\"300\" height=\"225\" \/><\/p>\n<\/div>\n<div class=\"csColumnGap\" style=\"margin: 0px; padding: 0px; float: left; width: 0.938%;\"><img decoding=\"async\" style=\"border: none;\" src=\"http:\/\/domaine-belemnites.com\/wp-content\/plugins\/advanced-wp-columns\/assets\/js\/plugins\/views\/img\/1x1-pixel.png\" alt=\"\" \/><\/div>\n<div class=\"csColumn\" style=\"margin: 0px; padding: 0px; float: left; width: 32.4%;\" data-csstartpoint=\"321\" data-csendpoint=\"632\" data-cswidth=\"32.4%\" data-csid=\"ea9da85e-7469-064d-bfb5-292987e60ab1\">\n<p><img decoding=\"async\" loading=\"lazy\" class=\"alignnone size-medium wp-image-222\" src=\"http:\/\/domaine-belemnites.com\/wp-content\/uploads\/2016\/01\/egrappoir-vin-rouge-bis-300x225.jpg\" alt=\"egrappoir-vin-rouge bis\" width=\"300\" height=\"225\" \/><\/p>\n<\/div>\n<div class=\"csColumnGap\" style=\"margin: 0px; padding: 0px; float: left; width: 1.25%;\"><img decoding=\"async\" style=\"border: none;\" src=\"http:\/\/domaine-belemnites.com\/wp-content\/plugins\/advanced-wp-columns\/assets\/js\/plugins\/views\/img\/1x1-pixel.png\" alt=\"\" \/><\/div>\n<div class=\"csColumn\" style=\"margin: 0px; padding: 0px; float: left; width: 32.4%;\" data-csstartpoint=\"644\" data-csendpoint=\"955\" data-cswidth=\"32.4%\" data-csid=\"c826e825-f76d-1a89-98b3-ccbf5c07b481\">\n<p><img decoding=\"async\" loading=\"lazy\" class=\"alignnone size-medium wp-image-223\" src=\"http:\/\/domaine-belemnites.com\/wp-content\/uploads\/2016\/01\/fermentation-bis-300x225.jpg\" alt=\"fermentation bis\" width=\"300\" height=\"225\" \/><\/p>\n<\/div>\n<div class=\"csColumnGap\" style=\"margin: 0px; padding: 0px; float: left; width: 0.521%;\"><img decoding=\"async\" style=\"border: none;\" src=\"http:\/\/domaine-belemnites.com\/wp-content\/plugins\/advanced-wp-columns\/assets\/js\/plugins\/views\/img\/1x1-pixel.png\" alt=\"\" \/><\/div>\n<div style=\"clear: both; float: none; display: block; visibility: hidden; width: 0px; font-size: 0px; line-height: 0;\"><\/div>\n<\/div>\n<h4><img decoding=\"async\" style=\"border: none;\" src=\"http:\/\/domaine-belemnites.com\/wp-content\/plugins\/advanced-wp-columns\/assets\/js\/plugins\/views\/img\/1x1-pixel.png\" alt=\"\" \/>\u00a0<strong><em><span style=\"color: #ff0000;\">R\u00e9compens\u00e9 au Guide Hachette 2021<\/span><\/em><\/strong><\/h4>\n<div class=\"csRow\">\n<div class=\"csRow\">\n<div class=\"csColumn\" style=\"margin: 0px; padding: 0px; float: left; width: 61.6%;\" data-csstartpoint=\"0\" data-csendpoint=\"591\" data-cswidth=\"61.6%\" data-csid=\"f29d250d-52aa-f27a-bef4-6e2c4fb764ec\">\n<p><strong>Terroir:<\/strong><\/p>\n<p><strong>Le Clos des Valli\u00e8res<\/strong><\/p>\n<p>Exposition: Sud-Ouest<\/p>\n<p>Sol:\u00a0argilo-calcaire<\/p>\n<p><strong>Viticulture:<\/strong><\/p>\n<p>Superficie: 1.5\u00a0hectares<\/p>\n<p>C\u00e9page:\u00a0Trousseau-Pinot<\/p>\n<p>Densit\u00e9: 5000 pieds\/hectare<\/p>\n<p>Rendements: 30\u00a0hl\/hectare , ma\u00eetriser les rendements afin que la vigne donne le meilleur.<\/p>\n<p>Vendanges manuelles en caisse<\/p>\n<p><strong>Vinfication:<\/strong><\/p>\n<p>\u00c9grappage, puis cuvaison durant 3 semaines environ avec des remontages pour \u00e9viter le dess\u00e8chement du chapeau et favoriser l&rsquo;extraction. Passage en cuve pour arrondir les tanins et lui donner toute sa finesse.<\/p>\n<p><strong>D\u00e9gustation:<\/strong><\/p>\n<p>Notre assemblage Trousseau-Pinot permet d\u2019obtenir un vin \u00e0 la robe rouge rubis. Le mariage du Trousseau, typique du terroir jurassien, et du Pinot allie les ar\u00f4mes complexes du premier avec la charpente affirm\u00e9e du second. Il s&rsquo;accordera tr\u00e8s bien avec \u00a0les viandes rouges, agneau, canard, tajines, viandes blanches, charcuterie&#8230;<\/p>\n<p>&nbsp;<\/p>\n<\/div>\n<div class=\"csColumnGap\" style=\"margin: 0px; padding: 0px; float: left; width: 1.04%;\"><img decoding=\"async\" style=\"border: none;\" src=\"http:\/\/domaine-belemnites.com\/wp-content\/plugins\/advanced-wp-columns\/assets\/js\/plugins\/views\/img\/1x1-pixel.png\" alt=\"\" \/><\/div>\n<div class=\"csColumn\" style=\"margin: 0px; padding: 0px; float: left; width: 37.4%;\" data-csstartpoint=\"601\" data-csendpoint=\"960\" data-cswidth=\"37.4%\" data-csid=\"69170b09-2e79-5d6e-b2d0-59fc9ff1d503\">\n<p><img decoding=\"async\" loading=\"lazy\" class=\"alignnone size-full wp-image-595\" src=\"http:\/\/domaine-belemnites.com\/wp-content\/uploads\/2016\/01\/coventus.jpg\" alt=\"coventus\" width=\"4000\" height=\"3000\" \/><\/p>\n<\/div>\n<div style=\"clear: both; float: none; display: block; visibility: hidden; width: 0px; font-size: 0px; line-height: 0;\"><\/div>\n<\/div>\n<div class=\"csRow\">\n<p><strong>Le mot du vigneron:\u00a0<\/strong><\/p>\n<p>Le Trousseau, le Pinot, peuvent se suffire \u00e0 eux-m\u00eame, mais l&rsquo;assemblage de ces 2 c\u00e9pages, donne un r\u00e9sultat r\u00e9ellement \u00e9tonnant. Amateur de vin rond ni trop marqu\u00e9 fruit ou tanin : le go\u00fbter, c&rsquo;est l&rsquo;adopter!<\/p>\n<\/div>\n<div class=\"csRow\"><\/div>\n<div class=\"csRow\"><strong>Tarif btle par carton: 11.00\u20ac\u00a0<\/strong><\/div>\n<div class=\"csRow\"><\/div>\n<div class=\"csRow\">T\u00e9l\u00e9charger le PDF suivant pour commander:\u00a0<a href=\"http:\/\/domaine-belemnites.com\/wp-content\/uploads\/2016\/01\/bon-de-commande-2026.pdf\">bon de commande 2026<\/a><\/div>\n<\/div>\n","protected":false},"excerpt":{"rendered":"<p>&nbsp; &nbsp; Cuv\u00e9e CONVENTUS, l&rsquo;assemblage r\u00e9ussi . &nbsp; \u00a0R\u00e9compens\u00e9 au Guide Hachette 2021 Terroir: Le Clos des Valli\u00e8res Exposition: Sud-Ouest Sol:\u00a0argilo-calcaire Viticulture: Superficie: 1.5\u00a0hectares C\u00e9page:\u00a0Trousseau-Pinot Densit\u00e9: 5000 pieds\/hectare Rendements: 30\u00a0hl\/hectare , ma\u00eetriser les rendements afin que la vigne donne le &hellip; <a href=\"https:\/\/domaine-belemnites.com\/?page_id=34\">Lire la suite\u00ad\u00ad<\/a><\/p>\n","protected":false},"author":1,"featured_media":0,"parent":20,"menu_order":60,"comment_status":"closed","ping_status":"closed","template":"page-fullwidth.php","meta":[],"_links":{"self":[{"href":"https:\/\/domaine-belemnites.com\/index.php?rest_route=\/wp\/v2\/pages\/34"}],"collection":[{"href":"https:\/\/domaine-belemnites.com\/index.php?rest_route=\/wp\/v2\/pages"}],"about":[{"href":"https:\/\/domaine-belemnites.com\/index.php?rest_route=\/wp\/v2\/types\/page"}],"author":[{"embeddable":true,"href":"https:\/\/domaine-belemnites.com\/index.php?rest_route=\/wp\/v2\/users\/1"}],"replies":[{"embeddable":true,"href":"https:\/\/domaine-belemnites.com\/index.php?rest_route=%2Fwp%2Fv2%2Fcomments&post=34"}],"version-history":[{"count":33,"href":"https:\/\/domaine-belemnites.com\/index.php?rest_route=\/wp\/v2\/pages\/34\/revisions"}],"predecessor-version":[{"id":696,"href":"https:\/\/domaine-belemnites.com\/index.php?rest_route=\/wp\/v2\/pages\/34\/revisions\/696"}],"up":[{"embeddable":true,"href":"https:\/\/domaine-belemnites.com\/index.php?rest_route=\/wp\/v2\/pages\/20"}],"wp:attachment":[{"href":"https:\/\/domaine-belemnites.com\/index.php?rest_route=%2Fwp%2Fv2%2Fmedia&parent=34"}],"curies":[{"name":"wp","href":"https:\/\/api.w.org\/{rel}","templated":true}]}}