{"id":36,"date":"2016-01-25T10:58:42","date_gmt":"2016-01-25T09:58:42","guid":{"rendered":"http:\/\/domaine-belemnites.com\/?page_id=36"},"modified":"2025-09-25T18:02:20","modified_gmt":"2025-09-25T17:02:20","slug":"mac-vin","status":"publish","type":"page","link":"https:\/\/domaine-belemnites.com\/?page_id=36","title":{"rendered":"Mac Vin"},"content":{"rendered":"<p>&nbsp;<\/p>\n<h2><strong>Le Mac Vin l&rsquo;ap\u00e9ritif Jurassien.<\/strong><\/h2>\n<div class=\"csRow\"><\/div>\n<div class=\"csRow\">\n<div class=\"csRow\">\n<div class=\"csColumnGap\" style=\"margin: 0px; padding: 0px; float: left; width: 0.521%;\"><img decoding=\"async\" style=\"border: none;\" src=\"http:\/\/domaine-belemnites.com\/wp-content\/plugins\/advanced-wp-columns\/assets\/js\/plugins\/views\/img\/1x1-pixel.png\" alt=\"\" \/><\/div>\n<div class=\"csColumn\" style=\"margin: 0px; padding: 0px; float: left; width: 32%;\" data-csstartpoint=\"5\" data-csendpoint=\"312\" data-cswidth=\"32.0%\" data-csid=\"039c4672-038d-5600-b3c0-4e1a569bdb60\">\n<p><img decoding=\"async\" loading=\"lazy\" class=\"alignnone size-medium wp-image-228\" src=\"http:\/\/domaine-belemnites.com\/wp-content\/uploads\/2016\/01\/alanbic-bis-300x225.jpg\" alt=\"alanbic bis\" width=\"300\" height=\"225\" \/><\/p>\n<\/div>\n<div class=\"csColumnGap\" style=\"margin: 0px; padding: 0px; float: left; width: 0.417%;\"><img decoding=\"async\" style=\"border: none;\" src=\"http:\/\/domaine-belemnites.com\/wp-content\/plugins\/advanced-wp-columns\/assets\/js\/plugins\/views\/img\/1x1-pixel.png\" alt=\"\" \/><\/div>\n<div class=\"csColumn\" style=\"margin: 0px; padding: 0px; float: left; width: 32.1%;\" data-csstartpoint=\"316\" data-csendpoint=\"624\" data-cswidth=\"32.1%\" data-csid=\"43bb8263-7590-6509-be0d-21df3f7f1017\">\n<p><img decoding=\"async\" loading=\"lazy\" class=\"alignnone size-medium wp-image-229\" src=\"http:\/\/domaine-belemnites.com\/wp-content\/uploads\/2016\/01\/mac-bis-300x225.jpg\" alt=\"mac bis\" width=\"300\" height=\"225\" \/><\/p>\n<\/div>\n<div class=\"csColumnGap\" style=\"margin: 0px; padding: 0px; float: left; width: 0.625%;\"><img decoding=\"async\" style=\"border: none;\" src=\"http:\/\/domaine-belemnites.com\/wp-content\/plugins\/advanced-wp-columns\/assets\/js\/plugins\/views\/img\/1x1-pixel.png\" alt=\"\" \/><\/div>\n<div class=\"csColumn\" style=\"margin: 0px; padding: 0px; float: left; width: 32.3%;\" data-csstartpoint=\"630\" data-csendpoint=\"940\" data-cswidth=\"32.3%\" data-csid=\"6774c349-fb06-34b8-83d8-6d218d0a0568\">\n<p><img decoding=\"async\" loading=\"lazy\" class=\"alignnone size-medium wp-image-230\" src=\"http:\/\/domaine-belemnites.com\/wp-content\/uploads\/2016\/01\/bouteille-de-macvin-02-bis-300x225.jpg\" alt=\"bouteille-de-macvin-02 bis\" width=\"300\" height=\"225\" \/><\/p>\n<\/div>\n<div class=\"csColumnGap\" style=\"margin: 0px; padding: 0px; float: left; width: 2.08%;\"><img decoding=\"async\" style=\"border: none;\" src=\"http:\/\/domaine-belemnites.com\/wp-content\/plugins\/advanced-wp-columns\/assets\/js\/plugins\/views\/img\/1x1-pixel.png\" alt=\"\" \/><\/div>\n<div style=\"clear: both; float: none; display: block; visibility: hidden; width: 0px; font-size: 0px; line-height: 0;\"><\/div>\n<\/div>\n<\/div>\n<div class=\"csRow\"><\/div>\n<div class=\"csRow\">\n<div class=\"csColumn\" style=\"margin: 0px; padding: 0px; float: left; width: 61.6%;\" data-csstartpoint=\"0\" data-csendpoint=\"591\" data-cswidth=\"61.6%\" data-csid=\"f29d250d-52aa-f27a-bef4-6e2c4fb764ec\">\n<p>&nbsp;<\/p>\n<p><strong>Terroir:<\/strong><\/p>\n<p>L&rsquo;ensemble des parcelles du domaine participe \u00e0 son \u00e9laboration.<\/p>\n<p><strong>Viticulture:<\/strong><\/p>\n<p>Superficie: 6.3\u00a0hectares<\/p>\n<p>C\u00e9page: Chardonnay\/Trousseau\/Savagnin\/Poulsard<\/p>\n<p>Densit\u00e9: 5000 pieds\/hectare<\/p>\n<p>Rendements:\u00a0en fonction du c\u00e9page et de la parcelle<\/p>\n<p>Vendanges manuelles<\/p>\n<p><strong>Vinfication:<\/strong><\/p>\n<p>Liqueur issue d&rsquo;un assemblage d&rsquo;environ 1\/3 de Marc de Franche Comt\u00e9 avec 2\/3 de jus de raisin pr\u00e9lev\u00e9 avant fermentation. Cette liqueur qui titre environ 17\u00b0 va ensuite vieillir en f\u00fbt pendant 2 ans afin d&rsquo;affiner ces ar\u00f4mes.<\/p>\n<p><strong>D\u00e9gustation:<\/strong><\/p>\n<p>Nez puissant et rac\u00e9, Il s\u00e9duit par sa robe ambr\u00e9e intense et ses ar\u00f4mes confits. L&rsquo;alliance de notes fruit\u00e9es, sa puissance en font un somptueux ap\u00e9ritif voir m\u00eame un compagnon pour le foie gras et vos dessert.<\/p>\n<\/div>\n<div class=\"csColumnGap\" style=\"margin: 0px; padding: 0px; float: left; width: 1.04%;\"><img decoding=\"async\" style=\"border: none;\" src=\"http:\/\/domaine-belemnites.com\/wp-content\/plugins\/advanced-wp-columns\/assets\/js\/plugins\/views\/img\/1x1-pixel.png\" alt=\"\" \/><\/div>\n<div class=\"csColumn\" style=\"margin: 0px; padding: 0px; float: left; width: 37.4%;\" data-csstartpoint=\"601\" data-csendpoint=\"960\" data-cswidth=\"37.4%\" data-csid=\"69170b09-2e79-5d6e-b2d0-59fc9ff1d503\">\n<p><img decoding=\"async\" loading=\"lazy\" class=\"alignnone wp-image-370 size-full\" src=\"http:\/\/domaine-belemnites.com\/wp-content\/uploads\/2016\/01\/IMGP3120-bis.jpg\" alt=\"IMGP3120 bis\" width=\"1606\" height=\"2882\" srcset=\"https:\/\/domaine-belemnites.com\/wp-content\/uploads\/2016\/01\/IMGP3120-bis.jpg 1606w, https:\/\/domaine-belemnites.com\/wp-content\/uploads\/2016\/01\/IMGP3120-bis-167x300.jpg 167w, https:\/\/domaine-belemnites.com\/wp-content\/uploads\/2016\/01\/IMGP3120-bis-768x1378.jpg 768w, https:\/\/domaine-belemnites.com\/wp-content\/uploads\/2016\/01\/IMGP3120-bis-571x1024.jpg 571w\" sizes=\"(max-width: 1606px) 100vw, 1606px\" \/><\/p>\n<\/div>\n<div style=\"clear: both; float: none; display: block; visibility: hidden; width: 0px; font-size: 0px; line-height: 0;\"><\/div>\n<\/div>\n<p><strong>Le mot du vigneron<\/strong><\/p>\n<p>S\u2019asseoir \u00e0 table avec la famille, et servir un Mac vin bien frais entre 6 et 8\u00b0 avec quelques amuses bouches, quoi de plus convivial, encore un moment de partage et de plaisir avec les gens qu&rsquo;on appr\u00e9cie!<\/p>\n<p>&nbsp;<\/p>\n<p><strong>Tarif btle par carton: 17 \u20ac TTC\u00a0<\/strong><br class=\"nc\" \/><br class=\"nc\" \/>T\u00e9l\u00e9charger le PDF suivant pour commander:\u00a0 \u00a0\u00a0<a href=\"http:\/\/domaine-belemnites.com\/wp-content\/uploads\/2016\/01\/bon-de-commande-2026.pdf\">bon de commande 2026<\/a><\/p>\n","protected":false},"excerpt":{"rendered":"<p>&nbsp; Le Mac Vin l&rsquo;ap\u00e9ritif Jurassien. &nbsp; Terroir: L&rsquo;ensemble des parcelles du domaine participe \u00e0 son \u00e9laboration. Viticulture: Superficie: 6.3\u00a0hectares C\u00e9page: Chardonnay\/Trousseau\/Savagnin\/Poulsard Densit\u00e9: 5000 pieds\/hectare Rendements:\u00a0en fonction du c\u00e9page et de la parcelle Vendanges manuelles Vinfication: Liqueur issue d&rsquo;un assemblage &hellip; <a href=\"https:\/\/domaine-belemnites.com\/?page_id=36\">Lire la suite\u00ad\u00ad<\/a><\/p>\n","protected":false},"author":1,"featured_media":0,"parent":20,"menu_order":90,"comment_status":"closed","ping_status":"closed","template":"page-fullwidth.php","meta":[],"_links":{"self":[{"href":"https:\/\/domaine-belemnites.com\/index.php?rest_route=\/wp\/v2\/pages\/36"}],"collection":[{"href":"https:\/\/domaine-belemnites.com\/index.php?rest_route=\/wp\/v2\/pages"}],"about":[{"href":"https:\/\/domaine-belemnites.com\/index.php?rest_route=\/wp\/v2\/types\/page"}],"author":[{"embeddable":true,"href":"https:\/\/domaine-belemnites.com\/index.php?rest_route=\/wp\/v2\/users\/1"}],"replies":[{"embeddable":true,"href":"https:\/\/domaine-belemnites.com\/index.php?rest_route=%2Fwp%2Fv2%2Fcomments&post=36"}],"version-history":[{"count":28,"href":"https:\/\/domaine-belemnites.com\/index.php?rest_route=\/wp\/v2\/pages\/36\/revisions"}],"predecessor-version":[{"id":693,"href":"https:\/\/domaine-belemnites.com\/index.php?rest_route=\/wp\/v2\/pages\/36\/revisions\/693"}],"up":[{"embeddable":true,"href":"https:\/\/domaine-belemnites.com\/index.php?rest_route=\/wp\/v2\/pages\/20"}],"wp:attachment":[{"href":"https:\/\/domaine-belemnites.com\/index.php?rest_route=%2Fwp%2Fv2%2Fmedia&parent=36"}],"curies":[{"name":"wp","href":"https:\/\/api.w.org\/{rel}","templated":true}]}}