{"id":38,"date":"2016-01-25T10:59:03","date_gmt":"2016-01-25T09:59:03","guid":{"rendered":"http:\/\/domaine-belemnites.com\/?page_id=38"},"modified":"2025-09-25T18:03:02","modified_gmt":"2025-09-25T17:03:02","slug":"cremant","status":"publish","type":"page","link":"https:\/\/domaine-belemnites.com\/?page_id=38","title":{"rendered":"Cr\u00e9mant blanc ou ros\u00e9"},"content":{"rendered":"<h2>Cr\u00e9mant du Jura, des bulles de plaisir<\/h2>\n<p>&nbsp;<\/p>\n<div class=\"csRow\">\n<div class=\"csRow\">\n<div class=\"csColumn\" style=\"margin: 0px; padding: 0px; float: left; width: 32%;\" data-csstartpoint=\"0\" data-csendpoint=\"307\" data-cswidth=\"32.0%\" data-csid=\"ee07a8a6-d63a-8a4e-946f-0c969748d23b\">\n<p><img decoding=\"async\" loading=\"lazy\" class=\"size-medium wp-image-207\" src=\"http:\/\/domaine-belemnites.com\/wp-content\/uploads\/2016\/01\/Chardo-bis-300x225.jpg\" alt=\"SAMSUNG DIGITAL CAMERA\" width=\"300\" height=\"225\" \/><\/p>\n<p>&nbsp;<\/p>\n<\/div>\n<div class=\"csColumnGap\" style=\"margin: 0px; padding: 0px; float: left; width: 1.04%;\"><img decoding=\"async\" style=\"border: none;\" src=\"http:\/\/domaine-belemnites.com\/wp-content\/plugins\/advanced-wp-columns\/assets\/js\/plugins\/views\/img\/1x1-pixel.png\" alt=\"\" \/><\/div>\n<div class=\"csColumn\" style=\"margin: 0px; padding: 0px; float: left; width: 32%;\" data-csstartpoint=\"317\" data-csendpoint=\"624\" data-cswidth=\"32.0%\" data-csid=\"b6f7f805-73d7-4919-b19c-b19812822d8b\">\n<p><img decoding=\"async\" loading=\"lazy\" class=\"alignnone size-medium wp-image-475\" src=\"http:\/\/domaine-belemnites.com\/wp-content\/uploads\/2016\/01\/cremant-alsace1-300x280.jpg\" alt=\"cremant-alsace1\" width=\"300\" height=\"280\" \/><\/p>\n<\/div>\n<div class=\"csColumnGap\" style=\"margin: 0px; padding: 0px; float: left; width: 1.56%;\"><img decoding=\"async\" style=\"border: none;\" src=\"http:\/\/domaine-belemnites.com\/wp-content\/plugins\/advanced-wp-columns\/assets\/js\/plugins\/views\/img\/1x1-pixel.png\" alt=\"\" \/><\/div>\n<div class=\"csColumn\" style=\"margin: 0px; padding: 0px; float: left; width: 32%;\" data-csstartpoint=\"639\" data-csendpoint=\"946\" data-cswidth=\"32.0%\" data-csid=\"a3b7f435-759a-8c9f-8f76-a842087ab0c0\">\n<p><img decoding=\"async\" loading=\"lazy\" class=\"alignnone size-medium wp-image-476\" src=\"http:\/\/domaine-belemnites.com\/wp-content\/uploads\/2016\/01\/goug\u00e8re1-300x245.jpg\" alt=\"goug\u00e8re1\" width=\"300\" height=\"245\" \/><\/p>\n<\/div>\n<\/div>\n<\/div>\n<div class=\"csRow\">\u00a0<strong>\u00a0<\/strong><\/div>\n<div class=\"csRow\">\n<div class=\"csRow\">\n<div class=\"csColumn\" style=\"margin: 0px; padding: 0px; float: left; width: 61.6%;\" data-csstartpoint=\"0\" data-csendpoint=\"591\" data-cswidth=\"61.6%\" data-csid=\"f29d250d-52aa-f27a-bef4-6e2c4fb764ec\">\n<p><strong>Terroir:<\/strong><\/p>\n<p><strong>En Barberon et Clos des Valli\u00e8res<\/strong><\/p>\n<p>Exposition: Ouest et Sud-Est<\/p>\n<p>Sol: calcaire en surface, marne du lias en sous-sol<\/p>\n<p><strong>Viticulture:<\/strong><\/p>\n<p>Superficie:\u00a04 hectares<\/p>\n<p>C\u00e9page:\u00a0Savagnin et Chardonnay<\/p>\n<p>Densit\u00e9: 5000 pieds\/hectare<\/p>\n<p>Rendements: 30\u00a0hl\/hectare , ma\u00eetriser le rendement afin que la vigne donne le meilleur.<\/p>\n<p>Vendanges manuelles<\/p>\n<p><strong>Vinfication:<\/strong><\/p>\n<p>Pressurage en vendange enti\u00e8re, puis un d\u00e9bourbage afin d&rsquo;obtenir un jus clair et fermentation directe en cuve.Les \u00e9tapes suivantes se font selon la m\u00e9thode de champagnisation, tirage en bouteille et seconde fermentation , remuage et d\u00e9gorgement .12 mois sont n\u00e9cessaires pour obtenir un produit de qualit\u00e9.<\/p>\n<p><strong>D\u00e9gustation:<\/strong><\/p>\n<p>Le cr\u00e9mant blanc ou ros\u00e9 est limpide, brillant, avec des teintes pastelles, or blanc. Le ros\u00e9 va du rose p\u00e2le \u00e0 un rose plus soutenue en passant par des teintes saumon\u00e9es. La bulle est fine, \u00e9l\u00e9gante. Au nez, la palette aromatique est importante ,des notes d\u2019agrumes, fruits frais, florales voir min\u00e9rales\u2026 pour les blancs, aux notes de petits fruits rouges &#8230; pour les ros\u00e9. A servir entre 7\u00b0 et 10 \u00b0<\/p>\n<\/div>\n<p><img decoding=\"async\" loading=\"lazy\" class=\"alignnone wp-image-504\" src=\"http:\/\/domaine-belemnites.com\/wp-content\/uploads\/2016\/01\/cremant--225x300.jpg\" alt=\"cremant\" width=\"315\" height=\"420\" srcset=\"https:\/\/domaine-belemnites.com\/wp-content\/uploads\/2016\/01\/cremant--225x300.jpg 225w, https:\/\/domaine-belemnites.com\/wp-content\/uploads\/2016\/01\/cremant--768x1024.jpg 768w\" sizes=\"(max-width: 315px) 100vw, 315px\" \/><\/p>\n<div style=\"clear: both; float: none; display: block; visibility: hidden; width: 0px; font-size: 0px; line-height: 0;\"><\/div>\n<\/div>\n<div class=\"csRow\">\n<p><strong>Le mot du vigneron:\u00a0<\/strong><\/p>\n<p>Cr\u00e9mant rime avec ap\u00e9ritif, il pla\u00eet \u00e0 toutes et tous. Mais pas seulement, le cr\u00e9mant blanc se marie bien avec les noix de Saint-Jacques et les poissons de rivi\u00e8re, le cr\u00e9mant ros\u00e9\u00a0s\u2019allie \u00e0 merveille aux petits fours, glaces et sorbets aux fruits rouges.Enfin il y en a pour tout les go\u00fbts.<\/p>\n<p><strong>Tarif btle par carton: 10.00\u20ac\u00a0<\/strong><\/p>\n<p>T\u00e9l\u00e9charger le PDF suivant pour commander:\u00a0\u00a0<a href=\"http:\/\/domaine-belemnites.com\/wp-content\/uploads\/2016\/01\/bon-de-commande-2026.pdf\">bon de commande 2026<\/a><\/p>\n<\/div>\n<\/div>\n","protected":false},"excerpt":{"rendered":"<p>Cr\u00e9mant du Jura, des bulles de plaisir &nbsp; &nbsp; \u00a0\u00a0 Terroir: En Barberon et Clos des Valli\u00e8res Exposition: Ouest et Sud-Est Sol: calcaire en surface, marne du lias en sous-sol Viticulture: Superficie:\u00a04 hectares C\u00e9page:\u00a0Savagnin et Chardonnay Densit\u00e9: 5000 pieds\/hectare Rendements: &hellip; <a href=\"https:\/\/domaine-belemnites.com\/?page_id=38\">Lire la suite\u00ad\u00ad<\/a><\/p>\n","protected":false},"author":1,"featured_media":0,"parent":20,"menu_order":80,"comment_status":"closed","ping_status":"closed","template":"page-fullwidth.php","meta":[],"_links":{"self":[{"href":"https:\/\/domaine-belemnites.com\/index.php?rest_route=\/wp\/v2\/pages\/38"}],"collection":[{"href":"https:\/\/domaine-belemnites.com\/index.php?rest_route=\/wp\/v2\/pages"}],"about":[{"href":"https:\/\/domaine-belemnites.com\/index.php?rest_route=\/wp\/v2\/types\/page"}],"author":[{"embeddable":true,"href":"https:\/\/domaine-belemnites.com\/index.php?rest_route=\/wp\/v2\/users\/1"}],"replies":[{"embeddable":true,"href":"https:\/\/domaine-belemnites.com\/index.php?rest_route=%2Fwp%2Fv2%2Fcomments&post=38"}],"version-history":[{"count":26,"href":"https:\/\/domaine-belemnites.com\/index.php?rest_route=\/wp\/v2\/pages\/38\/revisions"}],"predecessor-version":[{"id":694,"href":"https:\/\/domaine-belemnites.com\/index.php?rest_route=\/wp\/v2\/pages\/38\/revisions\/694"}],"up":[{"embeddable":true,"href":"https:\/\/domaine-belemnites.com\/index.php?rest_route=\/wp\/v2\/pages\/20"}],"wp:attachment":[{"href":"https:\/\/domaine-belemnites.com\/index.php?rest_route=%2Fwp%2Fv2%2Fmedia&parent=38"}],"curies":[{"name":"wp","href":"https:\/\/api.w.org\/{rel}","templated":true}]}}