{"id":432,"date":"2018-01-21T17:19:56","date_gmt":"2018-01-21T16:19:56","guid":{"rendered":"http:\/\/domaine-belemnites.com\/?page_id=432"},"modified":"2025-09-25T18:05:57","modified_gmt":"2025-09-25T17:05:57","slug":"savagnin-prestige","status":"publish","type":"page","link":"https:\/\/domaine-belemnites.com\/?page_id=432","title":{"rendered":"Savagnin Prestige"},"content":{"rendered":"<h2><strong>Le Savagnin Prestige, l&rsquo;avant go\u00fbt du vin Jaune<\/strong>.<\/h2>\n<div class=\"csRow\">\n<div class=\"csColumn\" style=\"margin: 0px; padding: 0px; float: left; width: 32.2%;\" data-csstartpoint=\"0\" data-csendpoint=\"309\" data-cswidth=\"32.2%\" data-csid=\"b840eaf1-2852-be2b-b2d5-59b6a3453f86\">\n<p><img decoding=\"async\" loading=\"lazy\" class=\"alignnone size-medium wp-image-246\" src=\"http:\/\/domaine-belemnites.com\/wp-content\/uploads\/2016\/01\/savagnin-300x225.jpg\" alt=\"savagnin\" width=\"300\" height=\"225\" \/><\/p>\n<\/div>\n<div class=\"csColumnGap\" style=\"margin: 0px; padding: 0px; float: left; width: 1.04%;\"><img decoding=\"async\" style=\"border: none;\" src=\"http:\/\/domaine-belemnites.com\/wp-content\/plugins\/advanced-wp-columns\/assets\/js\/plugins\/views\/img\/1x1-pixel.png\" alt=\"\" \/><\/div>\n<div class=\"csColumn\" style=\"margin: 0px; padding: 0px; float: left; width: 32.3%;\" data-csstartpoint=\"319\" data-csendpoint=\"629\" data-cswidth=\"32.3%\" data-csid=\"788e884f-0ded-d76a-b751-ca37440207c1\">\n<p><img decoding=\"async\" loading=\"lazy\" class=\"alignnone size-medium wp-image-196\" src=\"http:\/\/domaine-belemnites.com\/wp-content\/uploads\/2016\/01\/elevage-vin-jaune-bis-300x225.jpg\" alt=\"elevage-vin-jaune bis\" width=\"300\" height=\"225\" \/><\/p>\n<\/div>\n<div class=\"csColumnGap\" style=\"margin: 0px; padding: 0px; float: left; width: 1.04%;\"><img decoding=\"async\" style=\"border: none;\" src=\"http:\/\/domaine-belemnites.com\/wp-content\/plugins\/advanced-wp-columns\/assets\/js\/plugins\/views\/img\/1x1-pixel.png\" alt=\"\" \/><\/div>\n<p><img decoding=\"async\" loading=\"lazy\" class=\"alignnone size-full wp-image-451\" src=\"http:\/\/domaine-belemnites.com\/wp-content\/uploads\/2018\/01\/cuisine-asiatique4.jpg\" alt=\"cuisine-asiatique4\" width=\"237\" height=\"199\" \/><\/p>\n<div class=\"csColumnGap\" style=\"margin: 0px; padding: 0px; float: left; width: 1.15%;\"><img decoding=\"async\" style=\"border: none;\" src=\"http:\/\/domaine-belemnites.com\/wp-content\/plugins\/advanced-wp-columns\/assets\/js\/plugins\/views\/img\/1x1-pixel.png\" alt=\"\" \/><\/div>\n<div style=\"clear: both; float: none; display: block; visibility: hidden; width: 0px; font-size: 0px; line-height: 0;\"><\/div>\n<\/div>\n<div class=\"csRow\">\n<div class=\"csRow\">\n<div class=\"csColumn\" style=\"margin: 0px; padding: 0px; float: left; width: 61.6%;\" data-csstartpoint=\"0\" data-csendpoint=\"591\" data-cswidth=\"61.6%\" data-csid=\"f29d250d-52aa-f27a-bef4-6e2c4fb764ec\">\n<p><strong><br \/>\nTerroir:<\/strong><\/p>\n<p><strong>En Barberon\u00a0<\/strong><\/p>\n<p>Exposition: Ouest<\/p>\n<p>Sol: calcaire en surface, marne du lias en sous-sol<\/p>\n<p><strong>Viticulture:<\/strong><\/p>\n<p>Superficie: 1 hectare<\/p>\n<p>C\u00e9page: Savagnin<\/p>\n<p>Densit\u00e9: 5000 pieds\/hectare<\/p>\n<p>Rendements: 30\u00a0hl\/hectare , ma\u00eetriser le rendement afin que la vigne donne le meilleur.<\/p>\n<p>Vendanges manuelles<\/p>\n<p><strong>Vinfication:<\/strong><\/p>\n<p>Apr\u00e8s pressurage, fermentation directe en cuve puis passage en f\u00fbt de ch\u00eane de 228 litres pour 36 \u00e0 48 mois\u00a0sans soutirage ni ouillage. Durant son vieillissement, un voile de levures se d\u00e9veloppe en surface et pr\u00e9serve le vin de l&rsquo;oxydation en le privant de contact avec l&rsquo;air ambiant. Ce sont ces levures qui permettent au vin d&rsquo;avoir une persistance si particuli\u00e8re d&rsquo;aromatiques d&rsquo;amande, de noix et de fruits jaunes.<\/p>\n<p><strong>D\u00e9gustation:<\/strong><\/p>\n<p>Vin \u00e0 la robe jaune aux reflets or, brillant et limpide. Avec le temps, la couleur sera de plus en plus ambr\u00e9e,\u00a0le nez est \u00a0parfum\u00e9 et\u00a0intense. La bouche est ronde et ample, belle fra\u00eecheur marqu\u00e9e en final avec une persistance aromatique bien pr\u00e9sente sur l&rsquo;amande, la noix et les fruits jaunes. Id\u00e9ale avec les fruits secs, la cuisine asiatique, le Comt\u00e9, Mont d&rsquo;or au four, la cuisine au fromage,et les plats traditionnels\u00a0\u00e0 base de cr\u00e8me.<\/p>\n<\/div>\n<div class=\"csColumnGap\" style=\"margin: 0px; padding: 0px; float: left; width: 1.04%;\"><img decoding=\"async\" style=\"border: none;\" src=\"http:\/\/domaine-belemnites.com\/wp-content\/plugins\/advanced-wp-columns\/assets\/js\/plugins\/views\/img\/1x1-pixel.png\" alt=\"\" \/><\/div>\n<p><img decoding=\"async\" loading=\"lazy\" class=\"alignnone wp-image-502\" src=\"http:\/\/domaine-belemnites.com\/wp-content\/uploads\/2018\/01\/prestige-186x300.jpg\" alt=\"prestige\" width=\"301\" height=\"486\" srcset=\"https:\/\/domaine-belemnites.com\/wp-content\/uploads\/2018\/01\/prestige-186x300.jpg 186w, https:\/\/domaine-belemnites.com\/wp-content\/uploads\/2018\/01\/prestige-768x1242.jpg 768w, https:\/\/domaine-belemnites.com\/wp-content\/uploads\/2018\/01\/prestige-633x1024.jpg 633w\" sizes=\"(max-width: 301px) 100vw, 301px\" \/><\/p>\n<div style=\"clear: both; float: none; display: block; visibility: hidden; width: 0px; font-size: 0px; line-height: 0;\"><\/div>\n<\/div>\n<div class=\"csRow\">\n<p><strong>Le mot du vigneron:\u00a0<\/strong><\/p>\n<p>A mi chemin entre le Savagnin typ\u00e9 et le Vin Jaune, ce vin est tr\u00e8s agr\u00e9able \u00e0 d\u00e9guster au cours du repas, vous allez y retrouver les ar\u00f4mes et la pr\u00e9sence du vin Jaune sans sa puissance typique. C&rsquo;est un excellent vin marqu\u00e9 par le terroir Jurassien. Un r\u00e9el plaisir du palais!<\/p>\n<p><strong>Tarif btle par carton: 16.00\u20ac\u00a0<a href=\"http:\/\/domaine-belemnites.com\/wp-content\/uploads\/2016\/01\/bon-de-commande-2026.pdf\">bon de commande 2026<\/a><\/strong><\/p>\n<\/div>\n<div class=\"csRow\">T\u00e9l\u00e9charger le PDF suivant pour commander:<\/div>\n<\/div>\n","protected":false},"excerpt":{"rendered":"<p>Le Savagnin Prestige, l&rsquo;avant go\u00fbt du vin Jaune. Terroir: En Barberon\u00a0 Exposition: Ouest Sol: calcaire en surface, marne du lias en sous-sol Viticulture: Superficie: 1 hectare C\u00e9page: Savagnin Densit\u00e9: 5000 pieds\/hectare Rendements: 30\u00a0hl\/hectare , ma\u00eetriser le rendement afin que la &hellip; <a href=\"https:\/\/domaine-belemnites.com\/?page_id=432\">Lire la suite\u00ad\u00ad<\/a><\/p>\n","protected":false},"author":1,"featured_media":0,"parent":20,"menu_order":25,"comment_status":"closed","ping_status":"closed","template":"page-fullwidth.php","meta":[],"_links":{"self":[{"href":"https:\/\/domaine-belemnites.com\/index.php?rest_route=\/wp\/v2\/pages\/432"}],"collection":[{"href":"https:\/\/domaine-belemnites.com\/index.php?rest_route=\/wp\/v2\/pages"}],"about":[{"href":"https:\/\/domaine-belemnites.com\/index.php?rest_route=\/wp\/v2\/types\/page"}],"author":[{"embeddable":true,"href":"https:\/\/domaine-belemnites.com\/index.php?rest_route=\/wp\/v2\/users\/1"}],"replies":[{"embeddable":true,"href":"https:\/\/domaine-belemnites.com\/index.php?rest_route=%2Fwp%2Fv2%2Fcomments&post=432"}],"version-history":[{"count":21,"href":"https:\/\/domaine-belemnites.com\/index.php?rest_route=\/wp\/v2\/pages\/432\/revisions"}],"predecessor-version":[{"id":700,"href":"https:\/\/domaine-belemnites.com\/index.php?rest_route=\/wp\/v2\/pages\/432\/revisions\/700"}],"up":[{"embeddable":true,"href":"https:\/\/domaine-belemnites.com\/index.php?rest_route=\/wp\/v2\/pages\/20"}],"wp:attachment":[{"href":"https:\/\/domaine-belemnites.com\/index.php?rest_route=%2Fwp%2Fv2%2Fmedia&parent=432"}],"curies":[{"name":"wp","href":"https:\/\/api.w.org\/{rel}","templated":true}]}}