{"id":59,"date":"2016-01-25T11:09:10","date_gmt":"2016-01-25T10:09:10","guid":{"rendered":"http:\/\/domaine-belemnites.com\/?page_id=59"},"modified":"2020-11-22T19:40:08","modified_gmt":"2020-11-22T18:40:08","slug":"actualites","status":"publish","type":"page","link":"https:\/\/domaine-belemnites.com\/?page_id=59","title":{"rendered":"ACTUALITES"},"content":{"rendered":"<p>&nbsp;<\/p>\n<p>&nbsp;<\/p>\n<h3><img decoding=\"async\" loading=\"lazy\" class=\"size-medium wp-image-335 alignright\" src=\"http:\/\/domaine-belemnites.com\/wp-content\/uploads\/2016\/01\/rouge-d\u00e9gustation-bis-264x300.jpg\" alt=\"rouge d\u00e9gustation bis\" width=\"264\" height=\"300\" srcset=\"https:\/\/domaine-belemnites.com\/wp-content\/uploads\/2016\/01\/rouge-d\u00e9gustation-bis-264x300.jpg 264w, https:\/\/domaine-belemnites.com\/wp-content\/uploads\/2016\/01\/rouge-d\u00e9gustation-bis.jpg 276w\" sizes=\"(max-width: 264px) 100vw, 264px\" \/><\/h3>\n<h3><\/h3>\n<h3>Avril 2016, mise en bouteilles des premi\u00e8res cuv\u00e9es.<\/h3>\n<p>Enfin pr\u00eates pour la d\u00e9gustation.<\/p>\n<p>Le Trousseau-Pinot s&rsquo;affirme comme\u00a0un mill\u00e9sime remarquable,<\/p>\n<p>Le Chardonnay confirme son potentiel aromatique port\u00e9 sur les fruits,\u00a0les agrumes.<\/p>\n<p>Rendez vous au domicile \u00e0 Mesnay ou \u00e0 Mantry \u00e0 la cuverie pour d\u00e9guster<\/p>\n<p>&nbsp;<\/p>\n<p>&nbsp;<\/p>\n<p>&nbsp;<\/p>\n<p>&nbsp;<\/p>\n<p>&nbsp;<\/p>\n<p>&nbsp;<\/p>\n<h3><img decoding=\"async\" loading=\"lazy\" class=\"size-medium wp-image-334 alignleft\" src=\"http:\/\/domaine-belemnites.com\/wp-content\/uploads\/2016\/01\/famille-300x225.jpg\" alt=\"famille\" width=\"300\" height=\"225\" \/><\/h3>\n<h3>Septembre 2015 , les premi\u00e8res vendanges.<\/h3>\n<p>Apr\u00e8s un \u00e9t\u00e9 tr\u00e8s sec, les vendanges s&rsquo;annoncent d&rsquo;une grande qualit\u00e9 , seuls les rendements ne sont\u00a0pas au rendez vous.<\/p>\n<p>Peu importe, la qualit\u00e9 est l\u00e0, et pour notre\u00a0premi\u00e8re , c&rsquo;est r\u00e9ussi, merci m\u00e8re nature!<\/p>\n<p>&nbsp;<\/p>\n<p>&nbsp;<\/p>\n<p>&nbsp;<\/p>\n<p>&nbsp;<\/p>\n<p>&nbsp;<\/p>\n<p><img decoding=\"async\" loading=\"lazy\" class=\"size-medium wp-image-333 alignright\" src=\"http:\/\/domaine-belemnites.com\/wp-content\/uploads\/2016\/01\/Belemnites-photo-300x177.jpg\" alt=\"Belemnites photo\" width=\"300\" height=\"177\" \/><\/p>\n<p>&nbsp;<\/p>\n<h3><strong>Le 15 Avril 2015 naissance du Domaine des B\u00e9lemnites.<\/strong><\/h3>\n<p>Un peu de science: ce fossile a une forme\u00a0caract\u00e9ristique en \u00ab\u00a0balle de fusil\u00a0\u00bb et\u00a0<i><b>Belemnites<\/b><\/i> est un genre\u00a0de c\u00e9phalopodes ayant v\u00e9cu au Jurassique\u00a0et au Cr\u00e9tac\u00e9 \u00a0.<\/p>\n<p>&nbsp;<\/p>\n<p>&nbsp;<\/p>\n<p>&nbsp;<\/p>\n<p><img decoding=\"async\" loading=\"lazy\" class=\"wp-image-152 alignleft\" src=\"http:\/\/domaine-belemnites.com\/wp-content\/uploads\/2016\/01\/LOGO-BELEMNITE-bis2-300x90.jpg\" alt=\"LOGO BELEMNITE bis2\" width=\"336\" height=\"101\" \/><\/p>\n<p>Nous avons choisi ce nom car nous souhaitions que <strong>le domaine soit attach\u00e9 \u00e0 la terre sur lequel il \u00e9volue.<\/strong><\/p>\n<p>Quoi de plus normal donc que de choisir <i><b>Belemnites<\/b><\/i>, le nom d&rsquo;un fossile que l&rsquo;on trouve sans peine dans nos vignes,<strong> joint sur le logo des initiales \u00a0du vigneron (Christian Melet).<\/strong><\/p>\n<p>&nbsp;<\/p>\n<p>&nbsp;<\/p>\n<p>&nbsp;<\/p>\n<h3><span style=\"color: #ff0000;\"><em><strong>Premi\u00e8re r\u00e9compense pour le Domaine, une \u00e9toile au Guide Hachette 2021\u00a0 \u00a0 \u00a0SUPER!!!<\/strong><\/em><\/span><\/h3>\n<h3><img decoding=\"async\" loading=\"lazy\" class=\"alignnone  wp-image-595\" src=\"http:\/\/domaine-belemnites.com\/wp-content\/uploads\/2016\/01\/coventus.jpg\" alt=\"coventus\" width=\"485\" height=\"647\" \/><\/h3>\n<h5 style=\"text-align: left;\">\u00a0<em><strong> Le premier Pinot noir arrive enfin fin 2020!\u00a0 \u00e0 d\u00e9couvrir absolument<\/strong><\/em><\/h5>\n<p><img decoding=\"async\" loading=\"lazy\" class=\"alignnone size-medium wp-image-593\" src=\"http:\/\/domaine-belemnites.com\/wp-content\/uploads\/2016\/01\/pinot-2-225x300.jpg\" alt=\"pinot 2\" width=\"225\" height=\"300\" srcset=\"https:\/\/domaine-belemnites.com\/wp-content\/uploads\/2016\/01\/pinot-2-225x300.jpg 225w, https:\/\/domaine-belemnites.com\/wp-content\/uploads\/2016\/01\/pinot-2-768x1024.jpg 768w\" sizes=\"(max-width: 225px) 100vw, 225px\" \/><\/p>\n","protected":false},"excerpt":{"rendered":"<p>&nbsp; &nbsp; Avril 2016, mise en bouteilles des premi\u00e8res cuv\u00e9es. Enfin pr\u00eates pour la d\u00e9gustation. Le Trousseau-Pinot s&rsquo;affirme comme\u00a0un mill\u00e9sime remarquable, Le Chardonnay confirme son potentiel aromatique port\u00e9 sur les fruits,\u00a0les agrumes. Rendez vous au domicile \u00e0 Mesnay ou \u00e0 &hellip; <a href=\"https:\/\/domaine-belemnites.com\/?page_id=59\">Lire la suite\u00ad\u00ad<\/a><\/p>\n","protected":false},"author":1,"featured_media":0,"parent":0,"menu_order":0,"comment_status":"closed","ping_status":"closed","template":"page-fullwidth.php","meta":[],"_links":{"self":[{"href":"https:\/\/domaine-belemnites.com\/index.php?rest_route=\/wp\/v2\/pages\/59"}],"collection":[{"href":"https:\/\/domaine-belemnites.com\/index.php?rest_route=\/wp\/v2\/pages"}],"about":[{"href":"https:\/\/domaine-belemnites.com\/index.php?rest_route=\/wp\/v2\/types\/page"}],"author":[{"embeddable":true,"href":"https:\/\/domaine-belemnites.com\/index.php?rest_route=\/wp\/v2\/users\/1"}],"replies":[{"embeddable":true,"href":"https:\/\/domaine-belemnites.com\/index.php?rest_route=%2Fwp%2Fv2%2Fcomments&post=59"}],"version-history":[{"count":8,"href":"https:\/\/domaine-belemnites.com\/index.php?rest_route=\/wp\/v2\/pages\/59\/revisions"}],"predecessor-version":[{"id":601,"href":"https:\/\/domaine-belemnites.com\/index.php?rest_route=\/wp\/v2\/pages\/59\/revisions\/601"}],"wp:attachment":[{"href":"https:\/\/domaine-belemnites.com\/index.php?rest_route=%2Fwp%2Fv2%2Fmedia&parent=59"}],"curies":[{"name":"wp","href":"https:\/\/api.w.org\/{rel}","templated":true}]}}